{"id":61,"date":"2023-09-06T16:23:41","date_gmt":"2023-09-06T14:23:41","guid":{"rendered":"https:\/\/canis-conseil.fr\/?page_id=61"},"modified":"2025-11-30T14:40:44","modified_gmt":"2025-11-30T13:40:44","slug":"temoignages","status":"publish","type":"page","link":"https:\/\/canis-conseil.fr\/index.php\/temoignages\/","title":{"rendered":"T\u00e9moignages"},"content":{"rendered":"\n<div class=\"wp-block-cover alignfull\"><img loading=\"lazy\" decoding=\"async\" width=\"1280\" height=\"853\" class=\"wp-block-cover__image-background wp-image-1597 size-full\" alt=\"thank you, feedback, letters, greeting card, date of birth, gratitude, word, writing, write, thank you card, map, thank you, thank you, thank you, thank you, thank you\" src=\"http:\/\/canis-conseil.fr\/wp-content\/uploads\/2025\/11\/g8fb656132abce22fb55f29c09bc100b91cdb7c85762f1c84c3c1e13f575562523f40a08c1f00c6a187de622c0ce97d6e23818acbc67c18977c65e4d4363334d9_1280-5077738.jpg\" style=\"object-position:54% 14%\" data-object-fit=\"cover\" data-object-position=\"54% 14%\" srcset=\"https:\/\/canis-conseil.fr\/wp-content\/uploads\/2025\/11\/g8fb656132abce22fb55f29c09bc100b91cdb7c85762f1c84c3c1e13f575562523f40a08c1f00c6a187de622c0ce97d6e23818acbc67c18977c65e4d4363334d9_1280-5077738.jpg 1280w, https:\/\/canis-conseil.fr\/wp-content\/uploads\/2025\/11\/g8fb656132abce22fb55f29c09bc100b91cdb7c85762f1c84c3c1e13f575562523f40a08c1f00c6a187de622c0ce97d6e23818acbc67c18977c65e4d4363334d9_1280-5077738-300x200.jpg 300w, https:\/\/canis-conseil.fr\/wp-content\/uploads\/2025\/11\/g8fb656132abce22fb55f29c09bc100b91cdb7c85762f1c84c3c1e13f575562523f40a08c1f00c6a187de622c0ce97d6e23818acbc67c18977c65e4d4363334d9_1280-5077738-1024x682.jpg 1024w, https:\/\/canis-conseil.fr\/wp-content\/uploads\/2025\/11\/g8fb656132abce22fb55f29c09bc100b91cdb7c85762f1c84c3c1e13f575562523f40a08c1f00c6a187de622c0ce97d6e23818acbc67c18977c65e4d4363334d9_1280-5077738-768x512.jpg 768w\" sizes=\"auto, (max-width: 1280px) 100vw, 1280px\" \/><span aria-hidden=\"true\" class=\"wp-block-cover__background has-background-dim\" style=\"background-color:#797846\"><\/span><div class=\"wp-block-cover__inner-container is-layout-flow wp-block-cover-is-layout-flow\">\n<p class=\"has-text-align-center has-large-font-size\">T\u00e9moignages<\/p>\n<\/div><\/div>\n\n\n\n<div style=\"height:20px\" aria-hidden=\"true\" class=\"wp-block-spacer\"><\/div>\n\n\n\n<blockquote class=\"wp-block-quote is-layout-flow wp-block-quote-is-layout-flow\">\n<p>Plus de t\u00e9moignages <a href=\"https:\/\/www.linkedin.com\/in\/catherinedelahaye\/\" target=\"_blank\" rel=\"noreferrer noopener\">ici<\/a><\/p>\n<\/blockquote>\n\n\n\n<div class=\"wp-block-uagb-container uagb-block-a0ea794b alignfull uagb-is-root-container\"><div class=\"uagb-container-inner-blocks-wrap\">\n<div class=\"wp-block-uagb-info-box uagb-block-d4866c60 uagb-infobox__content-wrap  uagb-infobox-icon-above-title uagb-infobox-image-valign-top\"><div class=\"uagb-ifb-content\"><div class=\"uagb-ifb-image-content\"><img decoding=\"async\" src=\"http:\/\/canis-conseil.fr\/wp-content\/uploads\/2023\/10\/new-quote.png\" alt=\"\" width=\"50\" height=\"50\" loading=\"lazy\"\/><\/div><div class=\"uagb-ifb-title-wrap\"><h4 class=\"uagb-ifb-title\">Permettre au dirigeant d\u2019une PME de r\u00e9fl\u00e9chir \u00e0 de nouvelles strat\u00e9gies de d\u00e9veloppement, c\u2019est ce que Catherine a r\u00e9alis\u00e9 lors d\u2019une mission de conseil dans le cadre de l\u2019EGE.<br>Depuis de nombreuses ann\u00e9es et dans divers secteurs d\u2019activit\u00e9, qui alimentent sa richesse de r\u00e9flexion, Catherine propose aux entreprises qu\u2019elle accompagne une analyse fine de leur environnement et la mise en place d\u2019outils adapt\u00e9s \u00e0 leurs probl\u00e9matiques. Sa vision affut\u00e9e et sa curiosit\u00e9 naturelle alli\u00e9es \u00e0 ses comp\u00e9tences techniques et aux m\u00e9thodes d\u2019intelligence \u00e9conomique font d\u2019elle une ressource pr\u00e9cieuse et fiable.<\/h4><\/div><\/div><\/div>\n\n\n\n<div class=\"wp-block-uagb-info-box uagb-block-086d577e uagb-infobox__content-wrap  uagb-infobox-icon-above-title uagb-infobox-image-valign-top\"><div class=\"uagb-ifb-content\"><div class=\"uagb-ifb-image-content\"><img decoding=\"async\" src=\"http:\/\/canis-conseil.fr\/wp-content\/uploads\/2023\/10\/man-human-head-8222321-150x150.png\" width=\"75\" height=\"75\" loading=\"lazy\"\/><\/div><div class=\"uagb-ifb-title-wrap\"><h4 class=\"uagb-ifb-title\"><strong>Xavier LEPAGE<\/strong><\/h4><\/div><p class=\"uagb-ifb-desc\">Pr\u00e9sident &amp; Fondateur, <a href=\"https:\/\/irenco.org\/\" data-type=\"link\" data-id=\"https:\/\/irenco.org\/\" target=\"_blank\" rel=\"noreferrer noopener\">IRENCO <\/a>\/ Professeur associ\u00e9, <a href=\"https:\/\/www.ege.fr\/ecole\/corps-professoral\/xavier-lepage\" target=\"_blank\" rel=\"noreferrer noopener\">EGE<\/a><\/p><\/div><\/div>\n<\/div><\/div>\n\n\n\n<blockquote class=\"wp-block-quote has-text-align-center is-style-large is-layout-flow wp-block-quote-is-layout-flow\">\n<p class=\"has-background has-medium-font-size\" style=\"background-color:#cced85\">\u00ab&nbsp;J\u2019ai eu le plaisir de participer avec Catherine \u00e0 la publication d\u2019un ouvrage de r\u00e9f\u00e9rence en intelligence \u00e9conomique, traitant du grand affrontement entre la Chine et les \u00c9tats-Unis. Outre ses comp\u00e9tences strat\u00e9giques et sa grande capacit\u00e9 op\u00e9rationnelle \u00e0 produire un travail rigoureux et solide dans des d\u00e9lais courts, ce qui frappe chez Catherine c\u2019est sa facilit\u00e9 \u00e0 s\u2019immerger rapidement dans des \u00e9cosyst\u00e8mes complexes pour apporter des orientations strat\u00e9giques indispensables \u00e0 l\u2019aide \u00e0 la d\u00e9cision des organisations. Elle a ainsi su constituer une aide pr\u00e9cieuse et indispensable aux start-ups et aux dirigeant.e.s de mon r\u00e9seau.&nbsp;\u00bb<\/p>\n<cite>\u2014 <strong>Sylvia GROLLIER<\/strong>, Co-fondatrice &amp; associ\u00e9e d&#8217;entreprises<\/cite><\/blockquote>\n\n\n\n<div class=\"wp-block-uagb-container uagb-block-9c9a54d8 alignfull uagb-is-root-container\"><div class=\"uagb-container-inner-blocks-wrap\">\n<div class=\"wp-block-uagb-info-box uagb-block-59870514 uagb-infobox__content-wrap  uagb-infobox-icon-above-title uagb-infobox-image-valign-top\"><div class=\"uagb-ifb-content\"><div class=\"uagb-ifb-image-content\"><img decoding=\"async\" src=\"http:\/\/canis-conseil.fr\/wp-content\/uploads\/2023\/10\/new-quote.png\" alt=\"\" width=\"50\" height=\"50\" loading=\"lazy\"\/><\/div><div class=\"uagb-ifb-title-wrap\"><h4 class=\"uagb-ifb-title\">La veille quotidienne que fournit Catherine \u00e0 ses abonn\u00e9s <br>est utile et apporte un autre regard sur les enjeux <br>\u00e9conomiques et g\u00e9opolitiques actuels.&nbsp;<\/h4><\/div><\/div><\/div>\n\n\n\n<div class=\"wp-block-uagb-info-box uagb-block-0c2d754f uagb-infobox__content-wrap  uagb-infobox-icon-above-title uagb-infobox-image-valign-top\"><div class=\"uagb-ifb-content\"><div class=\"uagb-ifb-image-content\"><img decoding=\"async\" src=\"http:\/\/canis-conseil.fr\/wp-content\/uploads\/2023\/10\/man-human-head-8222321-150x150.png\" width=\"75\" height=\"75\" loading=\"lazy\"\/><\/div><div class=\"uagb-ifb-title-wrap\"><h4 class=\"uagb-ifb-title\"><strong>Tristan MENERET<\/strong><\/h4><\/div><p class=\"uagb-ifb-desc\">Co-fondateur et Directeur G\u00e9n\u00e9ral <a href=\"https:\/\/www.in-france.io\/\" data-type=\"link\" data-id=\"https:\/\/www.in-france.io\/\" target=\"_blank\" rel=\"noreferrer noopener\">In France \ud83c\uddeb\ud83c\uddf7<\/a><\/p><\/div><\/div>\n<\/div><\/div>\n\n\n\n<blockquote class=\"wp-block-quote has-text-align-center is-style-large is-layout-flow wp-block-quote-is-layout-flow\">\n<p class=\"has-background has-medium-font-size\" style=\"background-color:#cced85\">\u00ab&nbsp;Mes trois ann\u00e9es de collaboration avec Catherine m&#8217;ont permis d\u2019appr\u00e9cier professionnalisme, rigueur et exigence avec un sens \u00e9vident des relations humaines. Et toujours le sourire !&nbsp;\u00bb<\/p>\n<cite>\u2014 <strong>Pascale BOUCHET TUZI<\/strong>, <a href=\"https:\/\/alacarteconseils.com\/fr\/accueil\/\" target=\"_blank\" rel=\"noreferrer noopener\">A la Carte Conseils<\/a><\/cite><\/blockquote>\n\n\n\n<p><\/p>\n\n\n\n<div class=\"wp-block-uagb-container uagb-block-4ae0647a alignfull uagb-is-root-container\"><div class=\"uagb-container-inner-blocks-wrap\">\n<div class=\"wp-block-uagb-info-box uagb-block-f23efa2a uagb-infobox__content-wrap  uagb-infobox-icon-above-title uagb-infobox-image-valign-top\"><div class=\"uagb-ifb-content\"><div class=\"uagb-ifb-image-content\"><img decoding=\"async\" src=\"http:\/\/canis-conseil.fr\/wp-content\/uploads\/2023\/10\/new-quote.png\" alt=\"\" width=\"50\" height=\"50\" loading=\"lazy\"\/><\/div><div class=\"uagb-ifb-title-wrap\"><h4 class=\"uagb-ifb-title\">Catherine est une professionnelle avis\u00e9e, proactive, et aimant la relation. Elle est tr\u00e8s impliqu\u00e9e, elle voit le feed-back de ses dossiers comme un terreau pour d&#8217;autres affaires, et n&#8217;h\u00e9site pas \u00e0 provoquer la rencontre. Une personne rare sur nos terres !&nbsp;<\/h4><\/div><\/div><\/div>\n\n\n\n<div class=\"wp-block-uagb-info-box uagb-block-9cf479b1 uagb-infobox__content-wrap  uagb-infobox-icon-above-title uagb-infobox-image-valign-top\"><div class=\"uagb-ifb-content\"><div class=\"uagb-ifb-image-content\"><img decoding=\"async\" src=\"http:\/\/canis-conseil.fr\/wp-content\/uploads\/2023\/10\/man-human-head-8222321-150x150.png\" width=\"75\" height=\"75\" loading=\"lazy\"\/><\/div><div class=\"uagb-ifb-title-wrap\"><h4 class=\"uagb-ifb-title\"><strong>St\u00e9phane JACQUIER<\/strong><\/h4><\/div><p class=\"uagb-ifb-desc\">Information Manager, <a href=\"https:\/\/www.allenovery.com\/fr-fr\/global\/global_coverage\/europe\/france\" data-type=\"link\" data-id=\"https:\/\/www.allenovery.com\/fr-fr\/global\/global_coverage\/europe\/france\" target=\"_blank\" rel=\"noreferrer noopener\">Allen &amp; Overy Paris<\/a><\/p><\/div><\/div>\n<\/div><\/div>\n\n\n\n<blockquote class=\"wp-block-quote has-text-align-center is-style-large is-layout-flow wp-block-quote-is-layout-flow\">\n<p class=\"has-background has-medium-font-size\" style=\"background-color:#cced85\">\u00ab&nbsp;C&#8217;est un plaisir de travailler avec Catherine. Elle est extr\u00eamement professionnelle, efficace et tr\u00e8s bien organis\u00e9e. Elle est honn\u00eate et directe ce qui facilite la gestion de projet et surtout elle est toujours de bonne humeur.&nbsp;\u00bb<\/p>\n<cite>\u2014 <strong>El\u00e9na DELIOT LAWLOR<\/strong>, Fondatrice de l&#8217;agence <a href=\"https:\/\/www.loeilsingulier.com\/\" target=\"_blank\" rel=\"noreferrer noopener\">L&#8217;\u0152il Singulier<\/a><\/cite><\/blockquote>\n\n\n\n<div class=\"wp-block-uagb-container uagb-block-14e9e3be alignfull uagb-is-root-container\"><div class=\"uagb-container-inner-blocks-wrap\">\n<div class=\"wp-block-uagb-info-box uagb-block-0110ae32 uagb-infobox__content-wrap  uagb-infobox-icon-above-title uagb-infobox-image-valign-top\"><div class=\"uagb-ifb-content\"><div class=\"uagb-ifb-image-content\"><img decoding=\"async\" src=\"http:\/\/canis-conseil.fr\/wp-content\/uploads\/2023\/10\/new-quote.png\" alt=\"\" width=\"50\" height=\"50\" loading=\"lazy\"\/><\/div><div class=\"uagb-ifb-title-wrap\"><h4 class=\"uagb-ifb-title\">Catherine est une professionnelle du marketing tr\u00e8s rigoureuse <br>et extr\u00eamement dynamique et proactive. Elle b\u00e9n\u00e9ficie \u00e0 la fois d&#8217;une vision strat\u00e9gique du march\u00e9 et d&#8217;une expertise op\u00e9rationnelle pr\u00e9cieuse.<\/h4><\/div><\/div><\/div>\n\n\n\n<div class=\"wp-block-uagb-info-box uagb-block-a154917d uagb-infobox__content-wrap  uagb-infobox-icon-above-title uagb-infobox-image-valign-top\"><div class=\"uagb-ifb-content\"><div class=\"uagb-ifb-image-content\"><img decoding=\"async\" src=\"http:\/\/canis-conseil.fr\/wp-content\/uploads\/2023\/10\/man-human-head-8222321-150x150.png\" width=\"75\" height=\"75\" loading=\"lazy\"\/><\/div><div class=\"uagb-ifb-title-wrap\"><h4 class=\"uagb-ifb-title\"><strong>Olivier DURBIZE<\/strong><\/h4><\/div><p class=\"uagb-ifb-desc\">Corporate Relationship Manager, BNP Paribas<\/p><\/div><\/div>\n<\/div><\/div>\n\n\n\n<blockquote class=\"wp-block-quote has-text-align-center is-style-large is-layout-flow wp-block-quote-is-layout-flow\">\n<p class=\"has-background has-medium-font-size\" style=\"background-color:#cced85\">\u00ab&nbsp;Par son c\u00f4t\u00e9 proactif et sa vivacit\u00e9 d esprit, Catherine sait dynamiser une \u00e9quipe dans le cadre d&#8217;un projet. S\u00e9rieuse et efficace, ses actions et ses d\u00e9cisions sont toujours tr\u00e8s appr\u00e9ci\u00e9es de son entourage professionnel.&nbsp;\u00bb<\/p>\n<cite>\u2014 <strong>Pierre MARTIN<\/strong>, Directeur Service prescription, Thorn Lighting -Zumtobel Group<\/cite><\/blockquote>\n\n\n\n<div style=\"height:100px\" aria-hidden=\"true\" class=\"wp-block-spacer\"><\/div>\n","protected":false},"excerpt":{"rendered":"<p>Plus de t\u00e9moignages ici \u00ab&nbsp;J\u2019ai eu le plaisir de participer avec Catherine \u00e0 la publication d\u2019un ouvrage de r\u00e9f\u00e9rence en intelligence \u00e9conomique, traitant du grand affrontement entre la Chine et les \u00c9tats-Unis. Outre ses comp\u00e9tences strat\u00e9giques et sa grande capacit\u00e9 op\u00e9rationnelle \u00e0 produire un travail rigoureux et solide dans des d\u00e9lais courts, ce qui frappe &hellip;<\/p>\n<p class=\"read-more\"> <a class=\"\" href=\"https:\/\/canis-conseil.fr\/index.php\/temoignages\/\"> <span class=\"screen-reader-text\">T\u00e9moignages<\/span> Read More &raquo;<\/a><\/p>\n","protected":false},"author":1,"featured_media":0,"parent":0,"menu_order":0,"comment_status":"closed","ping_status":"closed","template":"","meta":{"_uag_custom_page_level_css":"","site-sidebar-layout":"default","site-content-layout":"","ast-site-content-layout":"","site-content-style":"default","site-sidebar-style":"default","ast-global-header-display":"","ast-banner-title-visibility":"","ast-main-header-display":"","ast-hfb-above-header-display":"","ast-hfb-below-header-display":"","ast-hfb-mobile-header-display":"","site-post-title":"disabled","ast-breadcrumbs-content":"","ast-featured-img":"","footer-sml-layout":"","theme-transparent-header-meta":"","adv-header-id-meta":"","stick-header-meta":"","header-above-stick-meta":"","header-main-stick-meta":"","header-below-stick-meta":"","astra-migrate-meta-layouts":"","footnotes":""},"class_list":["post-61","page","type-page","status-publish","hentry"],"uagb_featured_image_src":{"full":false,"thumbnail":false,"medium":false,"medium_large":false,"large":false,"1536x1536":false,"2048x2048":false},"uagb_author_info":{"display_name":"Catherine Delahaye","author_link":"https:\/\/canis-conseil.fr\/index.php\/author\/admin5132\/"},"uagb_comment_info":0,"uagb_excerpt":"Plus de t\u00e9moignages ici \u00ab&nbsp;J\u2019ai eu le plaisir de participer avec Catherine \u00e0 la publication d\u2019un ouvrage de r\u00e9f\u00e9rence en intelligence \u00e9conomique, traitant du grand affrontement entre la Chine et les \u00c9tats-Unis. Outre ses comp\u00e9tences strat\u00e9giques et sa grande capacit\u00e9 op\u00e9rationnelle \u00e0 produire un travail rigoureux et solide dans des d\u00e9lais courts, ce qui frappe&hellip;","_links":{"self":[{"href":"https:\/\/canis-conseil.fr\/index.php\/wp-json\/wp\/v2\/pages\/61","targetHints":{"allow":["GET"]}}],"collection":[{"href":"https:\/\/canis-conseil.fr\/index.php\/wp-json\/wp\/v2\/pages"}],"about":[{"href":"https:\/\/canis-conseil.fr\/index.php\/wp-json\/wp\/v2\/types\/page"}],"author":[{"embeddable":true,"href":"https:\/\/canis-conseil.fr\/index.php\/wp-json\/wp\/v2\/users\/1"}],"replies":[{"embeddable":true,"href":"https:\/\/canis-conseil.fr\/index.php\/wp-json\/wp\/v2\/comments?post=61"}],"version-history":[{"count":18,"href":"https:\/\/canis-conseil.fr\/index.php\/wp-json\/wp\/v2\/pages\/61\/revisions"}],"predecessor-version":[{"id":1598,"href":"https:\/\/canis-conseil.fr\/index.php\/wp-json\/wp\/v2\/pages\/61\/revisions\/1598"}],"wp:attachment":[{"href":"https:\/\/canis-conseil.fr\/index.php\/wp-json\/wp\/v2\/media?parent=61"}],"curies":[{"name":"wp","href":"https:\/\/api.w.org\/{rel}","templated":true}]}}