{"id":59,"date":"2023-09-06T16:23:01","date_gmt":"2023-09-06T14:23:01","guid":{"rendered":"https:\/\/canis-conseil.fr\/?page_id=59"},"modified":"2025-11-30T14:20:04","modified_gmt":"2025-11-30T13:20:04","slug":"canis-conseil-2","status":"publish","type":"page","link":"https:\/\/canis-conseil.fr\/index.php\/canis-conseil-2\/","title":{"rendered":"Canis Conseil"},"content":{"rendered":"\n<div class=\"wp-block-cover alignfull is-light\"><img loading=\"lazy\" decoding=\"async\" width=\"2560\" height=\"1703\" class=\"wp-block-cover__image-background wp-image-1579 size-full\" alt=\"\" src=\"http:\/\/canis-conseil.fr\/wp-content\/uploads\/2025\/11\/PXL2105_DxO-Edit-scaled.jpg\" style=\"object-position:63% 36%\" data-object-fit=\"cover\" data-object-position=\"63% 36%\" srcset=\"https:\/\/canis-conseil.fr\/wp-content\/uploads\/2025\/11\/PXL2105_DxO-Edit-scaled.jpg 2560w, https:\/\/canis-conseil.fr\/wp-content\/uploads\/2025\/11\/PXL2105_DxO-Edit-300x200.jpg 300w, https:\/\/canis-conseil.fr\/wp-content\/uploads\/2025\/11\/PXL2105_DxO-Edit-1024x681.jpg 1024w, https:\/\/canis-conseil.fr\/wp-content\/uploads\/2025\/11\/PXL2105_DxO-Edit-768x511.jpg 768w, https:\/\/canis-conseil.fr\/wp-content\/uploads\/2025\/11\/PXL2105_DxO-Edit-1536x1022.jpg 1536w, https:\/\/canis-conseil.fr\/wp-content\/uploads\/2025\/11\/PXL2105_DxO-Edit-2048x1363.jpg 2048w\" sizes=\"auto, (max-width: 2560px) 100vw, 2560px\" \/><span aria-hidden=\"true\" class=\"wp-block-cover__background has-background-dim\" style=\"background-color:#b3987f\"><\/span><div class=\"wp-block-cover__inner-container is-layout-flow wp-block-cover-is-layout-flow\">\n<p class=\"has-text-align-center has-large-font-size\">Canis Conseil<\/p>\n<\/div><\/div>\n\n\n\n<div class=\"wp-block-group is-layout-constrained wp-block-group-is-layout-constrained\">\n<div class=\"wp-block-group is-layout-constrained wp-container-core-group-is-layout-520232fb wp-block-group-is-layout-constrained\" style=\"padding-right:0;padding-left:0\">\n<p class=\"has-medium-font-size\">Experte en intelligence \u00e9conomique, Catherine Delahaye dispose de plus de trente ans d\u2019exp\u00e9riences professionnelles en entreprise, dans de multiples secteurs : professions lib\u00e9rales r\u00e9glement\u00e9es, industrie, technologies notamment t\u00e9l\u00e9coms et biens de consommation, ainsi que dans le secteur public et le monde associatif.<\/p>\n\n\n\n<p class=\"has-medium-font-size\">Elle a cr\u00e9\u00e9 Canis Conseil afin d\u2019accompagner les instances dirigeantes et de gouvernance (CODIR, COMEX, PDG, Conseils d\u2019administration et de surveillance) dans la d\u00e9finition et la mise en \u0153uvre de leurs strat\u00e9gies singuli\u00e8res de transformation, structuration, d\u00e9veloppement et n\u00e9gociations internationales.<\/p>\n\n\n\n<hr class=\"wp-block-separator has-alpha-channel-opacity\"\/>\n\n\n\n<div class=\"wp-block-columns is-layout-flex wp-container-core-columns-is-layout-5d4d9b16 wp-block-columns-is-layout-flex\" style=\"padding-right:var(--wp--preset--spacing--80);padding-left:var(--wp--preset--spacing--80)\">\n<div class=\"wp-block-column is-layout-flow wp-block-column-is-layout-flow\" style=\"flex-basis:33.33%\">\n<figure class=\"wp-block-image size-full\"><img loading=\"lazy\" decoding=\"async\" width=\"1996\" height=\"1996\" src=\"https:\/\/canis-conseil.fr\/wp-content\/uploads\/2025\/11\/PXL7033_DxO-edited.jpg\" alt=\"\" class=\"wp-image-1545\" srcset=\"https:\/\/canis-conseil.fr\/wp-content\/uploads\/2025\/11\/PXL7033_DxO-edited.jpg 1996w, https:\/\/canis-conseil.fr\/wp-content\/uploads\/2025\/11\/PXL7033_DxO-edited-300x300.jpg 300w, https:\/\/canis-conseil.fr\/wp-content\/uploads\/2025\/11\/PXL7033_DxO-edited-1024x1024.jpg 1024w, https:\/\/canis-conseil.fr\/wp-content\/uploads\/2025\/11\/PXL7033_DxO-edited-150x150.jpg 150w, https:\/\/canis-conseil.fr\/wp-content\/uploads\/2025\/11\/PXL7033_DxO-edited-768x768.jpg 768w, https:\/\/canis-conseil.fr\/wp-content\/uploads\/2025\/11\/PXL7033_DxO-edited-1536x1536.jpg 1536w\" sizes=\"auto, (max-width: 1996px) 100vw, 1996px\" \/><\/figure>\n<\/div>\n\n\n\n<div class=\"wp-block-column is-layout-flow wp-block-column-is-layout-flow\" style=\"flex-basis:66.66%\">\n<p class=\"has-medium-font-size\"><br>Catherine DELAHAYE<\/p>\n\n\n\n<p><a href=\"https:\/\/www.linkedin.com\/in\/catherinedelahaye\/\" data-type=\"link\" data-id=\"https:\/\/www.linkedin.com\/in\/catherinedelahaye\/\" target=\"_blank\" rel=\"noreferrer noopener\">Profil LinkedIn<\/a><\/p>\n\n\n\n<p><a href=\"https:\/\/www.onboard21.org\/fiche-administrateurs?recordId=recESjay40322AAE4\" data-type=\"link\" data-id=\"https:\/\/www.onboard21.org\/fiche-administrateurs?recordId=recESjay40322AAE4\" target=\"_blank\" rel=\"noreferrer noopener\">Profil Onboard21<\/a><\/p>\n\n\n\n<p><a href=\"https:\/\/expertes.fr\/expertes\/73497-catherine-delahaye\/\" data-type=\"link\" data-id=\"https:\/\/expertes.fr\/expertes\/73497-catherine-delahaye\/\" target=\"_blank\" rel=\"noreferrer noopener\">Profil Les Expertes &#8211; VoxFemina<\/a><\/p>\n\n\n\n<p><a href=\"https:\/\/www.malt.fr\/profile\/canisconseilbycatherinedelahaye\" data-type=\"link\" data-id=\"https:\/\/www.malt.fr\/profile\/canisconseilbycatherinedelahaye\" target=\"_blank\" rel=\"noreferrer noopener\">Profil Malt<\/a><\/p>\n<\/div>\n<\/div>\n\n\n\n<p class=\"has-medium-font-size\" style=\"margin-top:var(--wp--preset--spacing--40);margin-right:var(--wp--preset--spacing--80);margin-bottom:var(--wp--preset--spacing--40);margin-left:var(--wp--preset--spacing--80);padding-top:var(--wp--preset--spacing--40);padding-right:0;padding-bottom:var(--wp--preset--spacing--40);padding-left:0\">J&#8217;ai exerc\u00e9 et dirig\u00e9 plusieurs fonctions transverses au sein de TPE innovantes, de PME et de groupes internationaux : communication, marketing, d\u00e9veloppement commercial, administration des ventes et op\u00e9rations.<\/p>\n\n\n\n<p class=\"has-medium-font-size\" style=\"margin-right:var(--wp--preset--spacing--80);margin-left:var(--wp--preset--spacing--80);padding-right:0;padding-left:0\">J&#8217;ai ainsi d\u00e9velopp\u00e9 des comp\u00e9tences strat\u00e9giques et op\u00e9rationnelles en r\u00e9ponse aux probl\u00e9matiques singuli\u00e8res que peuvent rencontrer les dirigeants.<\/p>\n\n\n\n<p class=\"has-medium-font-size\" style=\"margin-right:var(--wp--preset--spacing--80);margin-left:var(--wp--preset--spacing--80);padding-right:0;padding-left:0\">En tant qu\u2019auditrice \u00e0 l\u2019\u00c9cole de Guerre Economique dans le cadre du MBA Management Strat\u00e9gique et Intelligence Economique, j&#8217;ai confront\u00e9 et confort\u00e9 mon exp\u00e9rience avec des connaissances th\u00e9oriques et des m\u00e9thodologies qui me permettent de relier et de donner du sens aux diff\u00e9rents composants syst\u00e9miques de l\u2019entreprise et de ses parties prenantes.<\/p>\n\n\n\n<p class=\"has-medium-font-size\" style=\"margin-right:var(--wp--preset--spacing--80);margin-left:var(--wp--preset--spacing--80);padding-right:0;padding-left:0\">L&#8217;intelligence \u00e9conomique va d\u00e9tecter des signaux faibles, d\u00e9signer des tendances et replacer l&#8217;ensemble des composantes syst\u00e9miques sur l&#8217;\u00e9chiquier. <\/p>\n\n\n\n<p class=\"has-medium-font-size\" style=\"margin-top:var(--wp--preset--spacing--40);margin-right:var(--wp--preset--spacing--80);margin-bottom:var(--wp--preset--spacing--40);margin-left:var(--wp--preset--spacing--80);padding-top:var(--wp--preset--spacing--40);padding-right:0;padding-bottom:var(--wp--preset--spacing--40);padding-left:0\">Coupl\u00e9e \u00e0 l&#8217;intelligence linguistique, elle vous apporte d&#8217;autres grilles d&#8217;analyse de la multitude d&#8217;informations dont nous sommes entour\u00e9s et vous aide \u00e0 prendre du recul pour analyser vos activit\u00e9s sous un autre angle.<\/p>\n\n\n\n<hr class=\"wp-block-separator has-alpha-channel-opacity\"\/>\n\n\n\n<p class=\"has-medium-font-size\">Mes domaines de comp\u00e9tences au service des instances dirigeantes et de gouvernance, de la start-up \u00e0 l&#8217;ETI :<\/p>\n\n\n\n<div class=\"wp-block-uagb-icon-list uagb-block-76f154db\"><div class=\"uagb-icon-list__wrap\">\n<div class=\"wp-block-uagb-icon-list-child uagb-block-ffe968cc\"><span class=\"uagb-icon-list__source-wrap\"><svg xmlns=\"https:\/\/www.w3.org\/2000\/svg\" viewBox=\"0 0 512 512\"><path d=\"M256 0C114.6 0 0 114.6 0 256c0 141.4 114.6 256 256 256s256-114.6 256-256C512 114.6 397.4 0 256 0zM406.6 278.6l-103.1 103.1c-12.5 12.5-32.75 12.5-45.25 0s-12.5-32.75 0-45.25L306.8 288H128C110.3 288 96 273.7 96 256s14.31-32 32-32h178.8l-49.38-49.38c-12.5-12.5-12.5-32.75 0-45.25s32.75-12.5 45.25 0l103.1 103.1C414.6 241.3 416 251.1 416 256C416 260.9 414.6 270.7 406.6 278.6z\"><\/path><\/svg><\/span><span class=\"uagb-icon-list__label\">Audit et analyse des risques et opportunit\u00e9s business li\u00e9s aux enjeux \u00e9conomiques, g\u00e9opolitiques, soci\u00e9taux et de gouvernance<\/span><\/div>\n\n\n\n<div class=\"wp-block-uagb-icon-list-child uagb-block-0a9e2a5b\"><span class=\"uagb-icon-list__source-wrap\"><svg xmlns=\"https:\/\/www.w3.org\/2000\/svg\" viewBox=\"0 0 512 512\"><path d=\"M256 0C114.6 0 0 114.6 0 256c0 141.4 114.6 256 256 256s256-114.6 256-256C512 114.6 397.4 0 256 0zM406.6 278.6l-103.1 103.1c-12.5 12.5-32.75 12.5-45.25 0s-12.5-32.75 0-45.25L306.8 288H128C110.3 288 96 273.7 96 256s14.31-32 32-32h178.8l-49.38-49.38c-12.5-12.5-12.5-32.75 0-45.25s32.75-12.5 45.25 0l103.1 103.1C414.6 241.3 416 251.1 416 256C416 260.9 414.6 270.7 406.6 278.6z\"><\/path><\/svg><\/span><span class=\"uagb-icon-list__label\">D\u00e9termination et pilotage de projets strat\u00e9giques<\/span><\/div>\n\n\n\n<div class=\"wp-block-uagb-icon-list-child uagb-block-5386be02\"><span class=\"uagb-icon-list__source-wrap\"><svg xmlns=\"https:\/\/www.w3.org\/2000\/svg\" viewBox=\"0 0 512 512\"><path d=\"M256 0C114.6 0 0 114.6 0 256c0 141.4 114.6 256 256 256s256-114.6 256-256C512 114.6 397.4 0 256 0zM406.6 278.6l-103.1 103.1c-12.5 12.5-32.75 12.5-45.25 0s-12.5-32.75 0-45.25L306.8 288H128C110.3 288 96 273.7 96 256s14.31-32 32-32h178.8l-49.38-49.38c-12.5-12.5-12.5-32.75 0-45.25s32.75-12.5 45.25 0l103.1 103.1C414.6 241.3 416 251.1 416 256C416 260.9 414.6 270.7 406.6 278.6z\"><\/path><\/svg><\/span><span class=\"uagb-icon-list__label\">Etudes de positionnement, veille et benchmarking<\/span><\/div>\n\n\n\n<div class=\"wp-block-uagb-icon-list-child uagb-block-425c53aa\"><span class=\"uagb-icon-list__source-wrap\"><svg xmlns=\"https:\/\/www.w3.org\/2000\/svg\" viewBox=\"0 0 512 512\"><path d=\"M256 0C114.6 0 0 114.6 0 256c0 141.4 114.6 256 256 256s256-114.6 256-256C512 114.6 397.4 0 256 0zM406.6 278.6l-103.1 103.1c-12.5 12.5-32.75 12.5-45.25 0s-12.5-32.75 0-45.25L306.8 288H128C110.3 288 96 273.7 96 256s14.31-32 32-32h178.8l-49.38-49.38c-12.5-12.5-12.5-32.75 0-45.25s32.75-12.5 45.25 0l103.1 103.1C414.6 241.3 416 251.1 416 256C416 260.9 414.6 270.7 406.6 278.6z\"><\/path><\/svg><\/span><span class=\"uagb-icon-list__label\">D\u00e9tection, qualification et d\u00e9veloppement de nouveaux march\u00e9s <\/span><\/div>\n\n\n\n<div class=\"wp-block-uagb-icon-list-child uagb-block-464b7e8f\"><span class=\"uagb-icon-list__source-wrap\"><svg xmlns=\"https:\/\/www.w3.org\/2000\/svg\" viewBox=\"0 0 512 512\"><path d=\"M256 0C114.6 0 0 114.6 0 256c0 141.4 114.6 256 256 256s256-114.6 256-256C512 114.6 397.4 0 256 0zM406.6 278.6l-103.1 103.1c-12.5 12.5-32.75 12.5-45.25 0s-12.5-32.75 0-45.25L306.8 288H128C110.3 288 96 273.7 96 256s14.31-32 32-32h178.8l-49.38-49.38c-12.5-12.5-12.5-32.75 0-45.25s32.75-12.5 45.25 0l103.1 103.1C414.6 241.3 416 251.1 416 256C416 260.9 414.6 270.7 406.6 278.6z\"><\/path><\/svg><\/span><span class=\"uagb-icon-list__label\">Mise en relation avec d&#8217;autres experts en intelligence \u00e9conomique, en fonction des sp\u00e9cialisations requises<\/span><\/div>\n\n\n\n<div class=\"wp-block-uagb-icon-list-child uagb-block-7ef96b8b\"><span class=\"uagb-icon-list__source-wrap\"><svg xmlns=\"https:\/\/www.w3.org\/2000\/svg\" viewBox=\"0 0 512 512\"><path d=\"M256 0C114.6 0 0 114.6 0 256c0 141.4 114.6 256 256 256s256-114.6 256-256C512 114.6 397.4 0 256 0zM406.6 278.6l-103.1 103.1c-12.5 12.5-32.75 12.5-45.25 0s-12.5-32.75 0-45.25L306.8 288H128C110.3 288 96 273.7 96 256s14.31-32 32-32h178.8l-49.38-49.38c-12.5-12.5-12.5-32.75 0-45.25s32.75-12.5 45.25 0l103.1 103.1C414.6 241.3 416 251.1 416 256C416 260.9 414.6 270.7 406.6 278.6z\"><\/path><\/svg><\/span><span class=\"uagb-icon-list__label\">Recherche et \u00e9laboration de partenariats techniques, m\u00e9c\u00e9nats et sponsoring<\/span><\/div>\n\n\n\n<div class=\"wp-block-uagb-icon-list-child uagb-block-ee7b0cbb\"><span class=\"uagb-icon-list__source-wrap\"><svg xmlns=\"https:\/\/www.w3.org\/2000\/svg\" viewBox=\"0 0 512 512\"><path d=\"M256 0C114.6 0 0 114.6 0 256c0 141.4 114.6 256 256 256s256-114.6 256-256C512 114.6 397.4 0 256 0zM406.6 278.6l-103.1 103.1c-12.5 12.5-32.75 12.5-45.25 0s-12.5-32.75 0-45.25L306.8 288H128C110.3 288 96 273.7 96 256s14.31-32 32-32h178.8l-49.38-49.38c-12.5-12.5-12.5-32.75 0-45.25s32.75-12.5 45.25 0l103.1 103.1C414.6 241.3 416 251.1 416 256C416 260.9 414.6 270.7 406.6 278.6z\"><\/path><\/svg><\/span><span class=\"uagb-icon-list__label\">Communication 360 interne et externe, en utilisant les canaux du digital, de l&#8217;\u00e9v\u00e9nementiel, promotionnels, de la presse et publicitaires<\/span><\/div>\n\n\n\n<div class=\"wp-block-uagb-icon-list-child uagb-block-8350074d\"><span class=\"uagb-icon-list__source-wrap\"><svg xmlns=\"https:\/\/www.w3.org\/2000\/svg\" viewBox=\"0 0 512 512\"><path d=\"M256 0C114.6 0 0 114.6 0 256c0 141.4 114.6 256 256 256s256-114.6 256-256C512 114.6 397.4 0 256 0zM406.6 278.6l-103.1 103.1c-12.5 12.5-32.75 12.5-45.25 0s-12.5-32.75 0-45.25L306.8 288H128C110.3 288 96 273.7 96 256s14.31-32 32-32h178.8l-49.38-49.38c-12.5-12.5-12.5-32.75 0-45.25s32.75-12.5 45.25 0l103.1 103.1C414.6 241.3 416 251.1 416 256C416 260.9 414.6 270.7 406.6 278.6z\"><\/path><\/svg><\/span><span class=\"uagb-icon-list__label\">Administration des ventes, de l\u2019avant-vente au recouvrement<\/span><\/div>\n\n\n\n<div class=\"wp-block-uagb-icon-list-child uagb-block-b0283d16\"><span class=\"uagb-icon-list__source-wrap\"><svg xmlns=\"https:\/\/www.w3.org\/2000\/svg\" viewBox=\"0 0 512 512\"><path d=\"M256 0C114.6 0 0 114.6 0 256c0 141.4 114.6 256 256 256s256-114.6 256-256C512 114.6 397.4 0 256 0zM406.6 278.6l-103.1 103.1c-12.5 12.5-32.75 12.5-45.25 0s-12.5-32.75 0-45.25L306.8 288H128C110.3 288 96 273.7 96 256s14.31-32 32-32h178.8l-49.38-49.38c-12.5-12.5-12.5-32.75 0-45.25s32.75-12.5 45.25 0l103.1 103.1C414.6 241.3 416 251.1 416 256C416 260.9 414.6 270.7 406.6 278.6z\"><\/path><\/svg><\/span><span class=\"uagb-icon-list__label\">Audit et gestion de la relation et de l&#8217;exp\u00e9rience clients<\/span><\/div>\n\n\n\n<div class=\"wp-block-uagb-icon-list-child uagb-block-8ea1f161\"><span class=\"uagb-icon-list__source-wrap\"><svg xmlns=\"https:\/\/www.w3.org\/2000\/svg\" viewBox=\"0 0 512 512\"><path d=\"M256 0C114.6 0 0 114.6 0 256c0 141.4 114.6 256 256 256s256-114.6 256-256C512 114.6 397.4 0 256 0zM406.6 278.6l-103.1 103.1c-12.5 12.5-32.75 12.5-45.25 0s-12.5-32.75 0-45.25L306.8 288H128C110.3 288 96 273.7 96 256s14.31-32 32-32h178.8l-49.38-49.38c-12.5-12.5-12.5-32.75 0-45.25s32.75-12.5 45.25 0l103.1 103.1C414.6 241.3 416 251.1 416 256C416 260.9 414.6 270.7 406.6 278.6z\"><\/path><\/svg><\/span><span class=\"uagb-icon-list__label\">Sourcing (humain et mat\u00e9riel)<\/span><\/div>\n\n\n\n<div class=\"wp-block-uagb-icon-list-child uagb-block-f2ec1a9a\"><span class=\"uagb-icon-list__source-wrap\"><svg xmlns=\"https:\/\/www.w3.org\/2000\/svg\" viewBox=\"0 0 512 512\"><path d=\"M256 0C114.6 0 0 114.6 0 256c0 141.4 114.6 256 256 256s256-114.6 256-256C512 114.6 397.4 0 256 0zM406.6 278.6l-103.1 103.1c-12.5 12.5-32.75 12.5-45.25 0s-12.5-32.75 0-45.25L306.8 288H128C110.3 288 96 273.7 96 256s14.31-32 32-32h178.8l-49.38-49.38c-12.5-12.5-12.5-32.75 0-45.25s32.75-12.5 45.25 0l103.1 103.1C414.6 241.3 416 251.1 416 256C416 260.9 414.6 270.7 406.6 278.6z\"><\/path><\/svg><\/span><span class=\"uagb-icon-list__label\">Structuration et gestion des op\u00e9rations (secr\u00e9tariat g\u00e9n\u00e9ral, fonctions support op\u00e9rationnelles -administratif, financier, juridique, RH, services g\u00e9n\u00e9raux)<\/span><\/div>\n\n\n\n<div class=\"wp-block-uagb-icon-list-child uagb-block-0b325ec2\"><span class=\"uagb-icon-list__source-wrap\"><svg xmlns=\"https:\/\/www.w3.org\/2000\/svg\" viewBox=\"0 0 512 512\"><path d=\"M256 0C114.6 0 0 114.6 0 256c0 141.4 114.6 256 256 256s256-114.6 256-256C512 114.6 397.4 0 256 0zM406.6 278.6l-103.1 103.1c-12.5 12.5-32.75 12.5-45.25 0s-12.5-32.75 0-45.25L306.8 288H128C110.3 288 96 273.7 96 256s14.31-32 32-32h178.8l-49.38-49.38c-12.5-12.5-12.5-32.75 0-45.25s32.75-12.5 45.25 0l103.1 103.1C414.6 241.3 416 251.1 416 256C416 260.9 414.6 270.7 406.6 278.6z\"><\/path><\/svg><\/span><span class=\"uagb-icon-list__label\">Traduction asserment\u00e9e ou libre en anglais<\/span><\/div>\n<\/div><\/div>\n<\/div>\n<\/div>\n\n\n\n<hr class=\"wp-block-separator has-alpha-channel-opacity\"\/>\n\n\n\n<div class=\"wp-block-group is-layout-constrained wp-container-core-group-is-layout-caa2d89a wp-block-group-is-layout-constrained\" style=\"padding-right:var(--wp--preset--spacing--80);padding-left:var(--wp--preset--spacing--80)\">\n<figure style=\"margin-top:var(--wp--preset--spacing--80);margin-right:var(--wp--preset--spacing--80);margin-bottom:var(--wp--preset--spacing--80);margin-left:var(--wp--preset--spacing--80);padding-top:0;padding-right:var(--wp--preset--spacing--80);padding-bottom:0;padding-left:var(--wp--preset--spacing--80)\" class=\"wp-block-video\"><video height=\"720\" style=\"aspect-ratio: 1280 \/ 720;\" width=\"1280\" controls preload=\"auto\" src=\"https:\/\/canis-conseil.fr\/wp-content\/uploads\/2023\/11\/Catherine-Delahaye-Les-Expertes-202210.mp4\" playsinline><\/video><\/figure>\n<\/div>\n\n\n\n<div class=\"wp-block-columns is-layout-flex wp-container-core-columns-is-layout-28f84493 wp-block-columns-is-layout-flex\">\n<div class=\"wp-block-column is-layout-flow wp-block-column-is-layout-flow\" style=\"flex-basis:100%\">\n<div class=\"wp-block-uagb-container uagb-block-df72a124 default uagb-is-root-container\">\n<p class=\"has-text-color has-large-font-size\" style=\"color:#cced85\"><strong>La raison d&#8217;\u00eatre de Canis Conseil<\/strong><\/p>\n\n\n\n<div class=\"wp-block-uagb-blockquote uagb-block-b7211ff4 uagb-blockquote__skin-quotation uagb-blockquote__align-left uagb-blockquote__style-style_1 uagb-blockquote__stack-img-none\"><blockquote class=\"uagb-blockquote\"><span class=\"uagb-blockquote__icon\"><svg width=\"20\" height=\"20\" viewBox=\"0 0 32 32\"><path d=\"M7.031 14c3.866 0 7 3.134 7 7s-3.134 7-7 7-7-3.134-7-7l-0.031-1c0-7.732 6.268-14 14-14v4c-2.671 0-5.182 1.040-7.071 2.929-0.364 0.364-0.695 0.751-0.995 1.157 0.357-0.056 0.724-0.086 1.097-0.086zM25.031 14c3.866 0 7 3.134 7 7s-3.134 7-7 7-7-3.134-7-7l-0.031-1c0-7.732 6.268-14 14-14v4c-2.671 0-5.182 1.040-7.071 2.929-0.364 0.364-0.695 0.751-0.995 1.157 0.358-0.056 0.724-0.086 1.097-0.086z\"><\/path><\/svg><\/span><div class=\"uagb-blockquote__content\"><strong>S\u2019appuyer sur l\u2019intelligence linguistique et \u00e9conomique pour accompagner les particuliers, les dirigeants d\u2019entreprises ou d\u2019autres organisations, publiques et priv\u00e9es, avec des valeurs d\u2019humanit\u00e9 et de bon sens, remettre le contexte au c\u0153ur de leurs r\u00e9flexions et objectifs, les aider \u00e0 faire \u00e9merger des opportunit\u00e9s, faire face aux risques et faire avancer leurs strat\u00e9gies pour leur propre b\u00e9n\u00e9fice et celui de l\u2019ensemble des parties prenantes de leur \u00e9cosyst\u00e8me<\/strong>.<br><\/div><footer><div class=\"uagb-blockquote__author-wrap uagb-blockquote__author-at-left\"><\/div><\/footer><\/blockquote><\/div>\n<\/div>\n<\/div>\n<\/div>\n","protected":false},"excerpt":{"rendered":"<p>Experte en intelligence \u00e9conomique, Catherine Delahaye dispose de plus de trente ans d\u2019exp\u00e9riences professionnelles en entreprise, dans de multiples secteurs : professions lib\u00e9rales r\u00e9glement\u00e9es, industrie, technologies notamment t\u00e9l\u00e9coms et biens de consommation, ainsi que dans le secteur public et le monde associatif. Elle a cr\u00e9\u00e9 Canis Conseil afin d\u2019accompagner les instances dirigeantes et de gouvernance &hellip;<\/p>\n<p class=\"read-more\"> <a class=\"\" href=\"https:\/\/canis-conseil.fr\/index.php\/canis-conseil-2\/\"> <span class=\"screen-reader-text\">Canis Conseil<\/span> Read More &raquo;<\/a><\/p>\n","protected":false},"author":1,"featured_media":0,"parent":0,"menu_order":0,"comment_status":"closed","ping_status":"closed","template":"","meta":{"_uag_custom_page_level_css":"","site-sidebar-layout":"default","site-content-layout":"","ast-site-content-layout":"","site-content-style":"default","site-sidebar-style":"default","ast-global-header-display":"","ast-banner-title-visibility":"","ast-main-header-display":"","ast-hfb-above-header-display":"","ast-hfb-below-header-display":"","ast-hfb-mobile-header-display":"","site-post-title":"disabled","ast-breadcrumbs-content":"","ast-featured-img":"","footer-sml-layout":"","theme-transparent-header-meta":"","adv-header-id-meta":"","stick-header-meta":"","header-above-stick-meta":"","header-main-stick-meta":"","header-below-stick-meta":"","astra-migrate-meta-layouts":"","footnotes":""},"class_list":["post-59","page","type-page","status-publish","hentry"],"uagb_featured_image_src":{"full":false,"thumbnail":false,"medium":false,"medium_large":false,"large":false,"1536x1536":false,"2048x2048":false},"uagb_author_info":{"display_name":"Catherine Delahaye","author_link":"https:\/\/canis-conseil.fr\/index.php\/author\/admin5132\/"},"uagb_comment_info":0,"uagb_excerpt":"Experte en intelligence \u00e9conomique, Catherine Delahaye dispose de plus de trente ans d\u2019exp\u00e9riences professionnelles en entreprise, dans de multiples secteurs : professions lib\u00e9rales r\u00e9glement\u00e9es, industrie, technologies notamment t\u00e9l\u00e9coms et biens de consommation, ainsi que dans le secteur public et le monde associatif. Elle a cr\u00e9\u00e9 Canis Conseil afin d\u2019accompagner les instances dirigeantes et de gouvernance&hellip;","_links":{"self":[{"href":"https:\/\/canis-conseil.fr\/index.php\/wp-json\/wp\/v2\/pages\/59","targetHints":{"allow":["GET"]}}],"collection":[{"href":"https:\/\/canis-conseil.fr\/index.php\/wp-json\/wp\/v2\/pages"}],"about":[{"href":"https:\/\/canis-conseil.fr\/index.php\/wp-json\/wp\/v2\/types\/page"}],"author":[{"embeddable":true,"href":"https:\/\/canis-conseil.fr\/index.php\/wp-json\/wp\/v2\/users\/1"}],"replies":[{"embeddable":true,"href":"https:\/\/canis-conseil.fr\/index.php\/wp-json\/wp\/v2\/comments?post=59"}],"version-history":[{"count":45,"href":"https:\/\/canis-conseil.fr\/index.php\/wp-json\/wp\/v2\/pages\/59\/revisions"}],"predecessor-version":[{"id":1585,"href":"https:\/\/canis-conseil.fr\/index.php\/wp-json\/wp\/v2\/pages\/59\/revisions\/1585"}],"wp:attachment":[{"href":"https:\/\/canis-conseil.fr\/index.php\/wp-json\/wp\/v2\/media?parent=59"}],"curies":[{"name":"wp","href":"https:\/\/api.w.org\/{rel}","templated":true}]}}