{"id":57,"date":"2023-09-06T16:23:54","date_gmt":"2023-09-06T14:23:54","guid":{"rendered":"https:\/\/canis-conseil.fr\/?page_id=57"},"modified":"2025-11-30T22:35:15","modified_gmt":"2025-11-30T21:35:15","slug":"vous-siegez-au-ca","status":"publish","type":"page","link":"https:\/\/canis-conseil.fr\/index.php\/vous-siegez-au-ca\/","title":{"rendered":"Vous si\u00e9gez au CA ?"},"content":{"rendered":"\n<div class=\"wp-block-cover alignfull is-light\"><img loading=\"lazy\" decoding=\"async\" width=\"2560\" height=\"1703\" class=\"wp-block-cover__image-background wp-image-1571 size-full\" alt=\"\" src=\"http:\/\/canis-conseil.fr\/wp-content\/uploads\/2025\/11\/PXL2249_DxO-scaled.jpg\" style=\"object-position:53% 26%\" data-object-fit=\"cover\" data-object-position=\"53% 26%\" srcset=\"https:\/\/canis-conseil.fr\/wp-content\/uploads\/2025\/11\/PXL2249_DxO-scaled.jpg 2560w, https:\/\/canis-conseil.fr\/wp-content\/uploads\/2025\/11\/PXL2249_DxO-300x200.jpg 300w, https:\/\/canis-conseil.fr\/wp-content\/uploads\/2025\/11\/PXL2249_DxO-1024x681.jpg 1024w, https:\/\/canis-conseil.fr\/wp-content\/uploads\/2025\/11\/PXL2249_DxO-768x511.jpg 768w, https:\/\/canis-conseil.fr\/wp-content\/uploads\/2025\/11\/PXL2249_DxO-1536x1022.jpg 1536w, https:\/\/canis-conseil.fr\/wp-content\/uploads\/2025\/11\/PXL2249_DxO-2048x1363.jpg 2048w\" sizes=\"auto, (max-width: 2560px) 100vw, 2560px\" \/><span aria-hidden=\"true\" class=\"wp-block-cover__background has-background-dim\" style=\"background-color:#b0adb0\"><\/span><div class=\"wp-block-cover__inner-container is-layout-flow wp-block-cover-is-layout-flow\">\n<p class=\"has-text-align-center has-large-font-size\">Vous si\u00e9gez dans un Conseil d&#8217;administration<\/p>\n\n\n\n<p class=\"has-text-align-center has-large-font-size\">ou un Conseil de surveillance ?<\/p>\n<\/div><\/div>\n\n\n\n<div class=\"wp-block-group is-layout-constrained wp-block-group-is-layout-constrained\">\n<div class=\"wp-block-media-text is-stacked-on-mobile\" style=\"padding-right:0;padding-left:0;grid-template-columns:24% auto\"><figure class=\"wp-block-media-text__media\"><img loading=\"lazy\" decoding=\"async\" width=\"255\" height=\"257\" src=\"http:\/\/canis-conseil.fr\/wp-content\/uploads\/2025\/11\/Boussole1.png\" alt=\"\" class=\"wp-image-1656 size-full\" srcset=\"https:\/\/canis-conseil.fr\/wp-content\/uploads\/2025\/11\/Boussole1.png 255w, https:\/\/canis-conseil.fr\/wp-content\/uploads\/2025\/11\/Boussole1-150x150.png 150w\" sizes=\"auto, (max-width: 255px) 100vw, 255px\" \/><\/figure><div class=\"wp-block-media-text__content\">\n<p class=\"has-medium-font-size\">Canis Conseil met l\u2019intelligence \u00e9conomique au service des r\u00e9flexions strat\u00e9giques des instances de gouvernance des entreprises et des organismes \u00e0 but non lucratif.<\/p>\n\n\n\n<p class=\"has-medium-font-size\">Pr\u00e9sidents, membres de conseils d\u2019administration et de surveillance, vous souhaitez am\u00e9liorer votre d\u00e9claration de cha\u00eene de valeur, accorder votre organisation&nbsp;aux crit\u00e8res&nbsp;ESG toujours plus pr\u00e9gnants, mieux anticiper les nouveaux enjeux et risques de notre soci\u00e9t\u00e9 moderne ?<\/p>\n<\/div><\/div>\n\n\n\n<div class=\"wp-block-group is-layout-constrained wp-container-core-group-is-layout-520232fb wp-block-group-is-layout-constrained\" style=\"padding-right:0;padding-left:0\">\n<p class=\"has-medium-font-size\" style=\"margin-top:var(--wp--preset--spacing--40);margin-right:var(--wp--preset--spacing--80);margin-bottom:var(--wp--preset--spacing--40);margin-left:var(--wp--preset--spacing--80);padding-top:var(--wp--preset--spacing--40);padding-right:0;padding-bottom:var(--wp--preset--spacing--40);padding-left:0\">Certifi\u00e9e administratrice ind\u00e9pendante, membre actif de l&#8217;<a href=\"https:\/\/www.ifa-asso.com\/rejoindre-lifa\/qui-sommes-nous\/annuaires-des-membres\/\" target=\"_blank\" rel=\"noreferrer noopener\">IFA<\/a>&nbsp;&#8211; Institut Fran\u00e7ais des Administrateurs et r\u00e9f\u00e9renc\u00e9e dans l&#8217;annuaire <a href=\"https:\/\/www.onboard21.org\/fiche-administrateurs?recordId=recESjay40322AAE4\" target=\"_blank\" rel=\"noreferrer noopener\">Onboard21<\/a> du Club 21\u00e8 Si\u00e8cle, <strong>Catherine Delahaye<\/strong> peut rejoindre votre Comit\u00e9 Audit et Risques ou votre Comit\u00e9 strat\u00e9gique, afin de vous accompagner dans ces transformations prot\u00e9iformes. Elle vous&nbsp;dotera ainsi de comp\u00e9tences li\u00e9es aux <strong>risques et opportunit\u00e9s inh\u00e9rents \u00e0 vos march\u00e9s internationaux et votre&nbsp;mod\u00e8le d\u2019affaires<\/strong>, en compl\u00e9ment d&#8217;autres administrateurs aux profils comptable\/financier\/juridique.<\/p>\n\n\n\n<div class=\"wp-block-uagb-icon-list uagb-block-f31805ca\"><div class=\"uagb-icon-list__wrap\">\n<div class=\"wp-block-uagb-icon-list-child uagb-block-a0cc2046\"><span class=\"uagb-icon-list__source-wrap\"><svg xmlns=\"https:\/\/www.w3.org\/2000\/svg\" viewBox=\"0 0 512 512\"><path d=\"M256 0C114.6 0 0 114.6 0 256c0 141.4 114.6 256 256 256s256-114.6 256-256C512 114.6 397.4 0 256 0zM406.6 278.6l-103.1 103.1c-12.5 12.5-32.75 12.5-45.25 0s-12.5-32.75 0-45.25L306.8 288H128C110.3 288 96 273.7 96 256s14.31-32 32-32h178.8l-49.38-49.38c-12.5-12.5-12.5-32.75 0-45.25s32.75-12.5 45.25 0l103.1 103.1C414.6 241.3 416 251.1 416 256C416 260.9 414.6 270.7 406.6 278.6z\"><\/path><\/svg><\/span><span class=\"uagb-icon-list__label\">Cartographie de votre \u00e9cosyst\u00e8me (\u00e9conomique, juridique, cybers\u00e9curit\u00e9, g\u00e9opolitique et soci\u00e9tal) <\/span><\/div>\n\n\n\n<div class=\"wp-block-uagb-icon-list-child uagb-block-dd6535ac\"><span class=\"uagb-icon-list__source-wrap\"><svg xmlns=\"https:\/\/www.w3.org\/2000\/svg\" viewBox=\"0 0 512 512\"><path d=\"M256 0C114.6 0 0 114.6 0 256c0 141.4 114.6 256 256 256s256-114.6 256-256C512 114.6 397.4 0 256 0zM406.6 278.6l-103.1 103.1c-12.5 12.5-32.75 12.5-45.25 0s-12.5-32.75 0-45.25L306.8 288H128C110.3 288 96 273.7 96 256s14.31-32 32-32h178.8l-49.38-49.38c-12.5-12.5-12.5-32.75 0-45.25s32.75-12.5 45.25 0l103.1 103.1C414.6 241.3 416 251.1 416 256C416 260.9 414.6 270.7 406.6 278.6z\"><\/path><\/svg><\/span><span class=\"uagb-icon-list__label\">Due diligence d&#8217;int\u00e9grit\u00e9 de vos parties prenantes (concurrents, fournisseurs, clients priv\u00e9s et publics, collaborateurs, administrateurs et dirigeants, actionnaires et investisseurs, acteurs de la soci\u00e9t\u00e9 civile et du monde associatif&#8230;)<\/span><\/div>\n\n\n\n<div class=\"wp-block-uagb-icon-list-child uagb-block-22e210d2\"><span class=\"uagb-icon-list__source-wrap\"><svg xmlns=\"https:\/\/www.w3.org\/2000\/svg\" viewBox=\"0 0 512 512\"><path d=\"M256 0C114.6 0 0 114.6 0 256c0 141.4 114.6 256 256 256s256-114.6 256-256C512 114.6 397.4 0 256 0zM406.6 278.6l-103.1 103.1c-12.5 12.5-32.75 12.5-45.25 0s-12.5-32.75 0-45.25L306.8 288H128C110.3 288 96 273.7 96 256s14.31-32 32-32h178.8l-49.38-49.38c-12.5-12.5-12.5-32.75 0-45.25s32.75-12.5 45.25 0l103.1 103.1C414.6 241.3 416 251.1 416 256C416 260.9 414.6 270.7 406.6 278.6z\"><\/path><\/svg><\/span><span class=\"uagb-icon-list__label\">Mise en place de bonnes pratiques en mati\u00e8re de Responsabilit\u00e9 Soci\u00e9tale et Environnementale (RSE) \/ Objectifs de D\u00e9veloppement Durable (ODD) et\u00a0mesure de la performance extra-financi\u00e8re<\/span><\/div>\n\n\n\n<div class=\"wp-block-uagb-icon-list-child uagb-block-741ead46\"><span class=\"uagb-icon-list__source-wrap\"><svg xmlns=\"https:\/\/www.w3.org\/2000\/svg\" viewBox=\"0 0 512 512\"><path d=\"M256 0C114.6 0 0 114.6 0 256c0 141.4 114.6 256 256 256s256-114.6 256-256C512 114.6 397.4 0 256 0zM406.6 278.6l-103.1 103.1c-12.5 12.5-32.75 12.5-45.25 0s-12.5-32.75 0-45.25L306.8 288H128C110.3 288 96 273.7 96 256s14.31-32 32-32h178.8l-49.38-49.38c-12.5-12.5-12.5-32.75 0-45.25s32.75-12.5 45.25 0l103.1 103.1C414.6 241.3 416 251.1 416 256C416 260.9 414.6 270.7 406.6 278.6z\"><\/path><\/svg><\/span><span class=\"uagb-icon-list__label\">Communication : image, marque et r\u00e9putation 360\u00b0\u00a0<\/span><\/div>\n\n\n\n<div class=\"wp-block-uagb-icon-list-child uagb-block-d6ba9066\"><span class=\"uagb-icon-list__source-wrap\"><svg xmlns=\"https:\/\/www.w3.org\/2000\/svg\" viewBox=\"0 0 512 512\"><path d=\"M256 0C114.6 0 0 114.6 0 256c0 141.4 114.6 256 256 256s256-114.6 256-256C512 114.6 397.4 0 256 0zM406.6 278.6l-103.1 103.1c-12.5 12.5-32.75 12.5-45.25 0s-12.5-32.75 0-45.25L306.8 288H128C110.3 288 96 273.7 96 256s14.31-32 32-32h178.8l-49.38-49.38c-12.5-12.5-12.5-32.75 0-45.25s32.75-12.5 45.25 0l103.1 103.1C414.6 241.3 416 251.1 416 256C416 260.9 414.6 270.7 406.6 278.6z\"><\/path><\/svg><\/span><span class=\"uagb-icon-list__label\">Professionnalisation de votre Conseil : r\u00e8glement int\u00e9rieur, statuts, charte \u00e9thique, diversit\u00e9<\/span><\/div>\n<\/div><\/div>\n\n\n\n<p class=\"has-medium-font-size\" style=\"margin-top:var(--wp--preset--spacing--40);margin-bottom:var(--wp--preset--spacing--40);padding-top:var(--wp--preset--spacing--40);padding-bottom:var(--wp--preset--spacing--40)\">Canis Conseil intervient \u00e9galement en tant que&nbsp;conseil externe&nbsp;et&nbsp;accompagne vos \u00e9quipes op\u00e9rationnelles&nbsp;dans le d\u00e9ploiement des strat\u00e9gies retenues.&nbsp;&nbsp;<\/p>\n<\/div>\n<\/div>\n","protected":false},"excerpt":{"rendered":"<p>Canis Conseil met l\u2019intelligence \u00e9conomique au service des r\u00e9flexions strat\u00e9giques des instances de gouvernance des entreprises et des organismes \u00e0 but non lucratif. Pr\u00e9sidents, membres de conseils d\u2019administration et de surveillance, vous souhaitez am\u00e9liorer votre d\u00e9claration de cha\u00eene de valeur, accorder votre organisation&nbsp;aux crit\u00e8res&nbsp;ESG toujours plus pr\u00e9gnants, mieux anticiper les nouveaux enjeux et risques de &hellip;<\/p>\n<p class=\"read-more\"> <a class=\"\" href=\"https:\/\/canis-conseil.fr\/index.php\/vous-siegez-au-ca\/\"> <span class=\"screen-reader-text\">Vous si\u00e9gez au CA ?<\/span> Read More &raquo;<\/a><\/p>\n","protected":false},"author":1,"featured_media":0,"parent":0,"menu_order":0,"comment_status":"closed","ping_status":"closed","template":"","meta":{"_uag_custom_page_level_css":"","site-sidebar-layout":"default","site-content-layout":"","ast-site-content-layout":"","site-content-style":"default","site-sidebar-style":"default","ast-global-header-display":"","ast-banner-title-visibility":"","ast-main-header-display":"","ast-hfb-above-header-display":"","ast-hfb-below-header-display":"","ast-hfb-mobile-header-display":"","site-post-title":"disabled","ast-breadcrumbs-content":"","ast-featured-img":"","footer-sml-layout":"","theme-transparent-header-meta":"","adv-header-id-meta":"","stick-header-meta":"","header-above-stick-meta":"","header-main-stick-meta":"","header-below-stick-meta":"","astra-migrate-meta-layouts":"","footnotes":""},"class_list":["post-57","page","type-page","status-publish","hentry"],"uagb_featured_image_src":{"full":false,"thumbnail":false,"medium":false,"medium_large":false,"large":false,"1536x1536":false,"2048x2048":false},"uagb_author_info":{"display_name":"Catherine Delahaye","author_link":"https:\/\/canis-conseil.fr\/index.php\/author\/admin5132\/"},"uagb_comment_info":0,"uagb_excerpt":"Canis Conseil met l\u2019intelligence \u00e9conomique au service des r\u00e9flexions strat\u00e9giques des instances de gouvernance des entreprises et des organismes \u00e0 but non lucratif. Pr\u00e9sidents, membres de conseils d\u2019administration et de surveillance, vous souhaitez am\u00e9liorer votre d\u00e9claration de cha\u00eene de valeur, accorder votre organisation&nbsp;aux crit\u00e8res&nbsp;ESG toujours plus pr\u00e9gnants, mieux anticiper les nouveaux enjeux et risques de&hellip;","_links":{"self":[{"href":"https:\/\/canis-conseil.fr\/index.php\/wp-json\/wp\/v2\/pages\/57","targetHints":{"allow":["GET"]}}],"collection":[{"href":"https:\/\/canis-conseil.fr\/index.php\/wp-json\/wp\/v2\/pages"}],"about":[{"href":"https:\/\/canis-conseil.fr\/index.php\/wp-json\/wp\/v2\/types\/page"}],"author":[{"embeddable":true,"href":"https:\/\/canis-conseil.fr\/index.php\/wp-json\/wp\/v2\/users\/1"}],"replies":[{"embeddable":true,"href":"https:\/\/canis-conseil.fr\/index.php\/wp-json\/wp\/v2\/comments?post=57"}],"version-history":[{"count":38,"href":"https:\/\/canis-conseil.fr\/index.php\/wp-json\/wp\/v2\/pages\/57\/revisions"}],"predecessor-version":[{"id":1674,"href":"https:\/\/canis-conseil.fr\/index.php\/wp-json\/wp\/v2\/pages\/57\/revisions\/1674"}],"wp:attachment":[{"href":"https:\/\/canis-conseil.fr\/index.php\/wp-json\/wp\/v2\/media?parent=57"}],"curies":[{"name":"wp","href":"https:\/\/api.w.org\/{rel}","templated":true}]}}