{"id":55,"date":"2023-09-06T16:23:48","date_gmt":"2023-09-06T14:23:48","guid":{"rendered":"https:\/\/canis-conseil.fr\/?page_id=55"},"modified":"2025-12-09T18:00:36","modified_gmt":"2025-12-09T17:00:36","slug":"vous-etes-dirigeant","status":"publish","type":"page","link":"https:\/\/canis-conseil.fr\/index.php\/vous-etes-dirigeant\/","title":{"rendered":"Vous \u00eates dirigeant ?"},"content":{"rendered":"\n<div class=\"wp-block-cover alignfull is-light\"><img loading=\"lazy\" decoding=\"async\" width=\"2560\" height=\"1703\" class=\"wp-block-cover__image-background wp-image-1564 size-full\" alt=\"Vous \u00eates dirigeant ?\" src=\"https:\/\/canis-conseil.fr\/wp-content\/uploads\/2025\/11\/PXL2175_DxO-1-scaled.jpg\" style=\"object-position:40% 17%\" data-object-fit=\"cover\" data-object-position=\"40% 17%\" srcset=\"https:\/\/canis-conseil.fr\/wp-content\/uploads\/2025\/11\/PXL2175_DxO-1-scaled.jpg 2560w, https:\/\/canis-conseil.fr\/wp-content\/uploads\/2025\/11\/PXL2175_DxO-1-300x200.jpg 300w, https:\/\/canis-conseil.fr\/wp-content\/uploads\/2025\/11\/PXL2175_DxO-1-1024x681.jpg 1024w, https:\/\/canis-conseil.fr\/wp-content\/uploads\/2025\/11\/PXL2175_DxO-1-768x511.jpg 768w, https:\/\/canis-conseil.fr\/wp-content\/uploads\/2025\/11\/PXL2175_DxO-1-1536x1022.jpg 1536w, https:\/\/canis-conseil.fr\/wp-content\/uploads\/2025\/11\/PXL2175_DxO-1-2048x1363.jpg 2048w\" sizes=\"auto, (max-width: 2560px) 100vw, 2560px\" \/><span aria-hidden=\"true\" class=\"wp-block-cover__background has-background-dim\" style=\"background-color:#a5a19b\"><\/span><div class=\"wp-block-cover__inner-container is-layout-flow wp-block-cover-is-layout-flow\">\n<p class=\"has-text-align-center has-large-font-size\">Vous \u00eates dirigeant ?<\/p>\n<\/div><\/div>\n\n\n\n<div class=\"wp-block-group is-layout-constrained wp-block-group-is-layout-constrained\">\n<div class=\"wp-block-media-text is-stacked-on-mobile\" style=\"padding-right:0;padding-left:0;grid-template-columns:23% auto\"><figure class=\"wp-block-media-text__media\"><img loading=\"lazy\" decoding=\"async\" width=\"265\" height=\"254\" src=\"http:\/\/canis-conseil.fr\/wp-content\/uploads\/2025\/11\/Boussole6.png\" alt=\"\" class=\"wp-image-1651 size-full\"\/><\/figure><div class=\"wp-block-media-text__content\">\n<p class=\"has-medium-font-size\">Canis Conseil&nbsp;met l\u2019intelligence \u00e9conomique au service des r\u00e9flexions strat\u00e9giques des dirigeants et&nbsp;d\u00e9cideurs&nbsp;op\u00e9rationnels.<\/p>\n\n\n\n<p class=\"has-medium-font-size\">Nos prestations de&nbsp;conseil et assistance op\u00e9rationnelle s&#8217;adressent aux entreprises,&nbsp;de la start-up \u00e0 l&#8217;ETI,&nbsp;qui cherchent \u00e0 se structurer, \u00e0 d\u00e9velopper un nouveau march\u00e9 ou&nbsp;\u00e0 donner un nouveau sens \u00e0 leurs activit\u00e9s.&nbsp;<\/p>\n<\/div><\/div>\n\n\n\n<div class=\"wp-block-group is-layout-constrained wp-container-core-group-is-layout-520232fb wp-block-group-is-layout-constrained\" style=\"padding-right:0;padding-left:0\">\n<p class=\"has-medium-font-size\" style=\"margin-top:var(--wp--preset--spacing--40);margin-right:var(--wp--preset--spacing--80);margin-bottom:var(--wp--preset--spacing--40);margin-left:var(--wp--preset--spacing--80);padding-top:var(--wp--preset--spacing--40);padding-right:0;padding-bottom:var(--wp--preset--spacing--40);padding-left:0\">La d\u00e9marche sur-mesure que nous vous proposons s&#8217;appuie sur la m\u00e9thodologie suivante :<\/p>\n\n\n\n<div class=\"wp-block-uagb-icon-list uagb-block-f31805ca\"><div class=\"uagb-icon-list__wrap\">\n<div class=\"wp-block-uagb-icon-list-child uagb-block-a0cc2046\"><span class=\"uagb-icon-list__source-wrap\"><svg xmlns=\"https:\/\/www.w3.org\/2000\/svg\" viewBox=\"0 0 512 512\"><path d=\"M256 0C114.6 0 0 114.6 0 256c0 141.4 114.6 256 256 256s256-114.6 256-256C512 114.6 397.4 0 256 0zM406.6 278.6l-103.1 103.1c-12.5 12.5-32.75 12.5-45.25 0s-12.5-32.75 0-45.25L306.8 288H128C110.3 288 96 273.7 96 256s14.31-32 32-32h178.8l-49.38-49.38c-12.5-12.5-12.5-32.75 0-45.25s32.75-12.5 45.25 0l103.1 103.1C414.6 241.3 416 251.1 416 256C416 260.9 414.6 270.7 406.6 278.6z\"><\/path><\/svg><\/span><span class=\"uagb-icon-list__label\">Audit de l&#8217;existant, cartographies des parties prenantes internes\/externes et des enjeux\/risques aux niveaux \u00e9conomique, politique et soci\u00e9tal ;<\/span><\/div>\n\n\n\n<div class=\"wp-block-uagb-icon-list-child uagb-block-dd6535ac\"><span class=\"uagb-icon-list__source-wrap\"><svg xmlns=\"https:\/\/www.w3.org\/2000\/svg\" viewBox=\"0 0 512 512\"><path d=\"M256 0C114.6 0 0 114.6 0 256c0 141.4 114.6 256 256 256s256-114.6 256-256C512 114.6 397.4 0 256 0zM406.6 278.6l-103.1 103.1c-12.5 12.5-32.75 12.5-45.25 0s-12.5-32.75 0-45.25L306.8 288H128C110.3 288 96 273.7 96 256s14.31-32 32-32h178.8l-49.38-49.38c-12.5-12.5-12.5-32.75 0-45.25s32.75-12.5 45.25 0l103.1 103.1C414.6 241.3 416 251.1 416 256C416 260.9 414.6 270.7 406.6 278.6z\"><\/path><\/svg><\/span><span class=\"uagb-icon-list__label\">Conseil dans l&#8217;\u00e9laboration et la formulation de vos orientations strat\u00e9giques, analyse de votre projet et de votre positionnement au regard de l&#8217;audit ;<\/span><\/div>\n\n\n\n<div class=\"wp-block-uagb-icon-list-child uagb-block-22e210d2\"><span class=\"uagb-icon-list__source-wrap\"><svg xmlns=\"https:\/\/www.w3.org\/2000\/svg\" viewBox=\"0 0 512 512\"><path d=\"M256 0C114.6 0 0 114.6 0 256c0 141.4 114.6 256 256 256s256-114.6 256-256C512 114.6 397.4 0 256 0zM406.6 278.6l-103.1 103.1c-12.5 12.5-32.75 12.5-45.25 0s-12.5-32.75 0-45.25L306.8 288H128C110.3 288 96 273.7 96 256s14.31-32 32-32h178.8l-49.38-49.38c-12.5-12.5-12.5-32.75 0-45.25s32.75-12.5 45.25 0l103.1 103.1C414.6 241.3 416 251.1 416 256C416 260.9 414.6 270.7 406.6 278.6z\"><\/path><\/svg><\/span><span class=\"uagb-icon-list__label\">Production d&#8217;une notice strat\u00e9gique contenant nos recommandations en r\u00e9ponse \u00e0 vos objectifs ;<\/span><\/div>\n\n\n\n<div class=\"wp-block-uagb-icon-list-child uagb-block-741ead46\"><span class=\"uagb-icon-list__source-wrap\"><svg xmlns=\"https:\/\/www.w3.org\/2000\/svg\" viewBox=\"0 0 512 512\"><path d=\"M256 0C114.6 0 0 114.6 0 256c0 141.4 114.6 256 256 256s256-114.6 256-256C512 114.6 397.4 0 256 0zM406.6 278.6l-103.1 103.1c-12.5 12.5-32.75 12.5-45.25 0s-12.5-32.75 0-45.25L306.8 288H128C110.3 288 96 273.7 96 256s14.31-32 32-32h178.8l-49.38-49.38c-12.5-12.5-12.5-32.75 0-45.25s32.75-12.5 45.25 0l103.1 103.1C414.6 241.3 416 251.1 416 256C416 260.9 414.6 270.7 406.6 278.6z\"><\/path><\/svg><\/span><span class=\"uagb-icon-list__label\">Accompagnement dans le d\u00e9ploiement op\u00e9rationnel des recommandations retenues.<\/span><\/div>\n<\/div><\/div>\n\n\n\n<p class=\"has-medium-font-size\" style=\"margin-top:var(--wp--preset--spacing--40);margin-bottom:var(--wp--preset--spacing--40);padding-top:var(--wp--preset--spacing--40);padding-bottom:var(--wp--preset--spacing--40)\">Nous pouvons \u00e9galement vous accompagner dans les prestations suivantes :<\/p>\n\n\n\n<div class=\"wp-block-uagb-icon-list uagb-block-76f154db\"><div class=\"uagb-icon-list__wrap\">\n<div class=\"wp-block-uagb-icon-list-child uagb-block-0d8445f4\"><span class=\"uagb-icon-list__source-wrap\"><svg xmlns=\"https:\/\/www.w3.org\/2000\/svg\" viewBox=\"0 0 512 512\"><path d=\"M256 0C114.6 0 0 114.6 0 256c0 141.4 114.6 256 256 256s256-114.6 256-256C512 114.6 397.4 0 256 0zM406.6 278.6l-103.1 103.1c-12.5 12.5-32.75 12.5-45.25 0s-12.5-32.75 0-45.25L306.8 288H128C110.3 288 96 273.7 96 256s14.31-32 32-32h178.8l-49.38-49.38c-12.5-12.5-12.5-32.75 0-45.25s32.75-12.5 45.25 0l103.1 103.1C414.6 241.3 416 251.1 416 256C416 260.9 414.6 270.7 406.6 278.6z\"><\/path><\/svg><\/span><span class=\"uagb-icon-list__label\">Participation \u00e0 des tables rondes sur la th\u00e9matique de la guerre\u00a0\u00e9conomique ;<\/span><\/div>\n\n\n\n<div class=\"wp-block-uagb-icon-list-child uagb-block-e5263938\"><span class=\"uagb-icon-list__source-wrap\"><svg xmlns=\"https:\/\/www.w3.org\/2000\/svg\" viewBox=\"0 0 512 512\"><path d=\"M256 0C114.6 0 0 114.6 0 256c0 141.4 114.6 256 256 256s256-114.6 256-256C512 114.6 397.4 0 256 0zM406.6 278.6l-103.1 103.1c-12.5 12.5-32.75 12.5-45.25 0s-12.5-32.75 0-45.25L306.8 288H128C110.3 288 96 273.7 96 256s14.31-32 32-32h178.8l-49.38-49.38c-12.5-12.5-12.5-32.75 0-45.25s32.75-12.5 45.25 0l103.1 103.1C414.6 241.3 416 251.1 416 256C416 260.9 414.6 270.7 406.6 278.6z\"><\/path><\/svg><\/span><span class=\"uagb-icon-list__label\">Intervention ou mini-conf\u00e9rence pour l&#8217;animation de vos colloques, rencontres et \u00e9v\u00e9nements annuels ;<\/span><\/div>\n\n\n\n<div class=\"wp-block-uagb-icon-list-child uagb-block-6209537f\"><span class=\"uagb-icon-list__source-wrap\"><svg xmlns=\"https:\/\/www.w3.org\/2000\/svg\" viewBox=\"0 0 512 512\"><path d=\"M256 0C114.6 0 0 114.6 0 256c0 141.4 114.6 256 256 256s256-114.6 256-256C512 114.6 397.4 0 256 0zM406.6 278.6l-103.1 103.1c-12.5 12.5-32.75 12.5-45.25 0s-12.5-32.75 0-45.25L306.8 288H128C110.3 288 96 273.7 96 256s14.31-32 32-32h178.8l-49.38-49.38c-12.5-12.5-12.5-32.75 0-45.25s32.75-12.5 45.25 0l103.1 103.1C414.6 241.3 416 251.1 416 256C416 260.9 414.6 270.7 406.6 278.6z\"><\/path><\/svg><\/span><span class=\"uagb-icon-list__label\">Atelier de sensibilisation aupr\u00e8s de vos \u00e9quipes en mati\u00e8re de communication, marketing, d\u00e9marche de d\u00e9veloppement commercial et bonnes pratiques des r\u00e9seaux sociaux -notamment LinkedIn ;<\/span><\/div>\n\n\n\n<div class=\"wp-block-uagb-icon-list-child uagb-block-812fb0f0\"><span class=\"uagb-icon-list__source-wrap\"><svg xmlns=\"https:\/\/www.w3.org\/2000\/svg\" viewBox=\"0 0 512 512\"><path d=\"M256 0C114.6 0 0 114.6 0 256c0 141.4 114.6 256 256 256s256-114.6 256-256C512 114.6 397.4 0 256 0zM406.6 278.6l-103.1 103.1c-12.5 12.5-32.75 12.5-45.25 0s-12.5-32.75 0-45.25L306.8 288H128C110.3 288 96 273.7 96 256s14.31-32 32-32h178.8l-49.38-49.38c-12.5-12.5-12.5-32.75 0-45.25s32.75-12.5 45.25 0l103.1 103.1C414.6 241.3 416 251.1 416 256C416 260.9 414.6 270.7 406.6 278.6z\"><\/path><\/svg><\/span><span class=\"uagb-icon-list__label\">Formation sur-mesure de vos \u00e9quipes \u00e0 l&#8217;anglais professionnel ;<\/span><\/div>\n\n\n\n<div class=\"wp-block-uagb-icon-list-child uagb-block-061a4ad5\"><span class=\"uagb-icon-list__source-wrap\"><svg xmlns=\"https:\/\/www.w3.org\/2000\/svg\" viewBox=\"0 0 512 512\"><path d=\"M256 0C114.6 0 0 114.6 0 256c0 141.4 114.6 256 256 256s256-114.6 256-256C512 114.6 397.4 0 256 0zM406.6 278.6l-103.1 103.1c-12.5 12.5-32.75 12.5-45.25 0s-12.5-32.75 0-45.25L306.8 288H128C110.3 288 96 273.7 96 256s14.31-32 32-32h178.8l-49.38-49.38c-12.5-12.5-12.5-32.75 0-45.25s32.75-12.5 45.25 0l103.1 103.1C414.6 241.3 416 251.1 416 256C416 260.9 414.6 270.7 406.6 278.6z\"><\/path><\/svg><\/span><span class=\"uagb-icon-list__label\">Traduction de documentation commerciale et juridique en anglais ;<\/span><\/div>\n<\/div><\/div>\n<\/div>\n<\/div>\n\n\n\n<div class=\"wp-block-uagb-separator uagb-block-ad91a2aa\"><div class=\"wp-block-uagb-separator__inner\" style=\"--my-background-image:\"><\/div><\/div>\n\n\n\n<div class=\"wp-block-group is-layout-constrained wp-block-group-is-layout-constrained\">\n<h3 class=\"wp-block-heading has-luminous-vivid-amber-color has-text-color has-link-color wp-elements-a6829f94241a3dca4250f30228f09656\" style=\"font-size:30px;text-transform:none\">Start-up, Scale-up : structurez et d\u00e9veloppez votre organisation<\/h3>\n\n\n\n<div data-wp-interactive=\"core\/file\" class=\"wp-block-file\"><object data-wp-bind--hidden=\"!state.hasPdfPreview\" hidden class=\"wp-block-file__embed\" data=\"https:\/\/canis-conseil.fr\/wp-content\/uploads\/2023\/11\/Offre-Canis-Conseil-202211-Start-up.pdf\" type=\"application\/pdf\" style=\"width:100%;height:600px\" aria-label=\"Embed of Offre-Canis-Conseil-202211-Start-up.\"><\/object><a id=\"wp-block-file--media-6e999d93-ec19-4def-a279-3fa514d70126\" href=\"https:\/\/canis-conseil.fr\/wp-content\/uploads\/2023\/11\/Offre-Canis-Conseil-202211-Start-up.pdf\">Offre-Canis-Conseil-202211-Start-up<\/a><a href=\"https:\/\/canis-conseil.fr\/wp-content\/uploads\/2023\/11\/Offre-Canis-Conseil-202211-Start-up.pdf\" class=\"wp-block-file__button wp-element-button\" download aria-describedby=\"wp-block-file--media-6e999d93-ec19-4def-a279-3fa514d70126\">T\u00e9l\u00e9charger<\/a><\/div>\n<\/div>\n\n\n\n<div class=\"wp-block-group is-layout-constrained wp-block-group-is-layout-constrained\">\n<h3 class=\"wp-block-heading has-luminous-vivid-amber-color has-text-color has-link-color wp-elements-ecd6519d61dcdfad3ccfa64b448d7bba\" style=\"font-size:30px\">Cabinets d&#8217;avocats : <br>comment vous d\u00e9marquer dans un environnement complexe et concurrentiel ?<\/h3>\n\n\n\n<div data-wp-interactive=\"core\/file\" class=\"wp-block-file\"><object data-wp-bind--hidden=\"!state.hasPdfPreview\" hidden class=\"wp-block-file__embed\" data=\"https:\/\/canis-conseil.fr\/wp-content\/uploads\/2023\/11\/Offre-Canis-Conseil-202211-Avocats.pdf\" type=\"application\/pdf\" style=\"width:100%;height:600px\" aria-label=\"Embed of Offre-Canis-Conseil-202211-Avocats.\"><\/object><a id=\"wp-block-file--media-3764160d-80b7-4679-bc5f-c8a706f7009b\" href=\"https:\/\/canis-conseil.fr\/wp-content\/uploads\/2023\/11\/Offre-Canis-Conseil-202211-Avocats.pdf\">Offre-Canis-Conseil-202211-Avocats<\/a><a href=\"https:\/\/canis-conseil.fr\/wp-content\/uploads\/2023\/11\/Offre-Canis-Conseil-202211-Avocats.pdf\" class=\"wp-block-file__button wp-element-button\" download aria-describedby=\"wp-block-file--media-3764160d-80b7-4679-bc5f-c8a706f7009b\">T\u00e9l\u00e9charger<\/a><\/div>\n<\/div>\n","protected":false},"excerpt":{"rendered":"<p>Canis Conseil&nbsp;met l\u2019intelligence \u00e9conomique au service des r\u00e9flexions strat\u00e9giques des dirigeants et&nbsp;d\u00e9cideurs&nbsp;op\u00e9rationnels. Nos prestations de&nbsp;conseil et assistance op\u00e9rationnelle s&#8217;adressent aux entreprises,&nbsp;de la start-up \u00e0 l&#8217;ETI,&nbsp;qui cherchent \u00e0 se structurer, \u00e0 d\u00e9velopper un nouveau march\u00e9 ou&nbsp;\u00e0 donner un nouveau sens \u00e0 leurs activit\u00e9s.&nbsp; La d\u00e9marche sur-mesure que nous vous proposons s&#8217;appuie sur la m\u00e9thodologie suivante : &hellip;<\/p>\n<p class=\"read-more\"> <a class=\"\" href=\"https:\/\/canis-conseil.fr\/index.php\/vous-etes-dirigeant\/\"> <span class=\"screen-reader-text\">Vous \u00eates dirigeant ?<\/span> Read More &raquo;<\/a><\/p>\n","protected":false},"author":1,"featured_media":0,"parent":0,"menu_order":0,"comment_status":"closed","ping_status":"closed","template":"","meta":{"_uag_custom_page_level_css":"","site-sidebar-layout":"default","site-content-layout":"","ast-site-content-layout":"","site-content-style":"default","site-sidebar-style":"default","ast-global-header-display":"","ast-banner-title-visibility":"","ast-main-header-display":"","ast-hfb-above-header-display":"","ast-hfb-below-header-display":"","ast-hfb-mobile-header-display":"","site-post-title":"disabled","ast-breadcrumbs-content":"","ast-featured-img":"","footer-sml-layout":"","theme-transparent-header-meta":"","adv-header-id-meta":"","stick-header-meta":"","header-above-stick-meta":"","header-main-stick-meta":"","header-below-stick-meta":"","astra-migrate-meta-layouts":"","footnotes":""},"class_list":["post-55","page","type-page","status-publish","hentry"],"uagb_featured_image_src":{"full":false,"thumbnail":false,"medium":false,"medium_large":false,"large":false,"1536x1536":false,"2048x2048":false},"uagb_author_info":{"display_name":"Catherine Delahaye","author_link":"https:\/\/canis-conseil.fr\/index.php\/author\/admin5132\/"},"uagb_comment_info":0,"uagb_excerpt":"Canis Conseil&nbsp;met l\u2019intelligence \u00e9conomique au service des r\u00e9flexions strat\u00e9giques des dirigeants et&nbsp;d\u00e9cideurs&nbsp;op\u00e9rationnels. Nos prestations de&nbsp;conseil et assistance op\u00e9rationnelle s&#8217;adressent aux entreprises,&nbsp;de la start-up \u00e0 l&#8217;ETI,&nbsp;qui cherchent \u00e0 se structurer, \u00e0 d\u00e9velopper un nouveau march\u00e9 ou&nbsp;\u00e0 donner un nouveau sens \u00e0 leurs activit\u00e9s.&nbsp; La d\u00e9marche sur-mesure que nous vous proposons s&#8217;appuie sur la m\u00e9thodologie suivante :&hellip;","_links":{"self":[{"href":"https:\/\/canis-conseil.fr\/index.php\/wp-json\/wp\/v2\/pages\/55","targetHints":{"allow":["GET"]}}],"collection":[{"href":"https:\/\/canis-conseil.fr\/index.php\/wp-json\/wp\/v2\/pages"}],"about":[{"href":"https:\/\/canis-conseil.fr\/index.php\/wp-json\/wp\/v2\/types\/page"}],"author":[{"embeddable":true,"href":"https:\/\/canis-conseil.fr\/index.php\/wp-json\/wp\/v2\/users\/1"}],"replies":[{"embeddable":true,"href":"https:\/\/canis-conseil.fr\/index.php\/wp-json\/wp\/v2\/comments?post=55"}],"version-history":[{"count":22,"href":"https:\/\/canis-conseil.fr\/index.php\/wp-json\/wp\/v2\/pages\/55\/revisions"}],"predecessor-version":[{"id":1727,"href":"https:\/\/canis-conseil.fr\/index.php\/wp-json\/wp\/v2\/pages\/55\/revisions\/1727"}],"wp:attachment":[{"href":"https:\/\/canis-conseil.fr\/index.php\/wp-json\/wp\/v2\/media?parent=55"}],"curies":[{"name":"wp","href":"https:\/\/api.w.org\/{rel}","templated":true}]}}