{"id":53,"date":"2023-09-06T16:23:25","date_gmt":"2023-09-06T14:23:25","guid":{"rendered":"https:\/\/canis-conseil.fr\/?page_id=53"},"modified":"2025-11-30T19:30:41","modified_gmt":"2025-11-30T18:30:41","slug":"publications","status":"publish","type":"page","link":"https:\/\/canis-conseil.fr\/index.php\/publications\/","title":{"rendered":"Publications"},"content":{"rendered":"\n<div class=\"wp-block-cover alignfull is-light\"><img loading=\"lazy\" decoding=\"async\" width=\"1916\" height=\"2560\" class=\"wp-block-cover__image-background wp-image-1560 size-full\" alt=\"\" src=\"http:\/\/canis-conseil.fr\/wp-content\/uploads\/2025\/11\/PXL2070_DxObis-scaled.jpg\" style=\"object-position:57% 83%\" data-object-fit=\"cover\" data-object-position=\"57% 83%\" srcset=\"https:\/\/canis-conseil.fr\/wp-content\/uploads\/2025\/11\/PXL2070_DxObis-scaled.jpg 1916w, https:\/\/canis-conseil.fr\/wp-content\/uploads\/2025\/11\/PXL2070_DxObis-225x300.jpg 225w, https:\/\/canis-conseil.fr\/wp-content\/uploads\/2025\/11\/PXL2070_DxObis-766x1024.jpg 766w, https:\/\/canis-conseil.fr\/wp-content\/uploads\/2025\/11\/PXL2070_DxObis-768x1026.jpg 768w, https:\/\/canis-conseil.fr\/wp-content\/uploads\/2025\/11\/PXL2070_DxObis-1150x1536.jpg 1150w, https:\/\/canis-conseil.fr\/wp-content\/uploads\/2025\/11\/PXL2070_DxObis-1533x2048.jpg 1533w\" sizes=\"auto, (max-width: 1916px) 100vw, 1916px\" \/><span aria-hidden=\"true\" class=\"wp-block-cover__background has-background-dim\" style=\"background-color:#c0b4b1\"><\/span><div class=\"wp-block-cover__inner-container is-layout-flow wp-block-cover-is-layout-flow\">\n<p class=\"has-text-align-center has-large-font-size\">Publications et passages m\u00e9dias<\/p>\n<\/div><\/div>\n\n\n\n<div class=\"wp-block-group is-layout-constrained wp-block-group-is-layout-constrained\">\n<div class=\"wp-block-media-text alignfull has-media-on-the-right is-stacked-on-mobile\" style=\"grid-template-columns:auto 19%\"><div class=\"wp-block-media-text__content\">\n<p class=\"has-text-align-left has-medium-font-size\">Cette rubrique contient quelques publications, ouvrages et articles r\u00e9dig\u00e9s par Catherine Delahaye, ainsi qu&#8217;une s\u00e9lection de citations dans la presse \u00e9crite.<\/p>\n\n\n\n<p class=\"has-medium-font-size\">Catherine intervient aussi dans les m\u00e9dias audiovisuels en tant qu&#8217;expert en intelligence \u00e9conomique, pour d\u00e9crypter et \u00e9clairer sur les faits d&#8217;actualit\u00e9 en lien avec le monde des affaires.<\/p>\n<\/div><figure class=\"wp-block-media-text__media\"><img loading=\"lazy\" decoding=\"async\" width=\"681\" height=\"1024\" src=\"https:\/\/canis-conseil.fr\/wp-content\/uploads\/2025\/11\/PXL2433-681x1024.jpg\" alt=\"\" class=\"wp-image-1551 size-full\" srcset=\"https:\/\/canis-conseil.fr\/wp-content\/uploads\/2025\/11\/PXL2433-681x1024.jpg 681w, https:\/\/canis-conseil.fr\/wp-content\/uploads\/2025\/11\/PXL2433-200x300.jpg 200w, https:\/\/canis-conseil.fr\/wp-content\/uploads\/2025\/11\/PXL2433-768x1154.jpg 768w, https:\/\/canis-conseil.fr\/wp-content\/uploads\/2025\/11\/PXL2433-1022x1536.jpg 1022w, https:\/\/canis-conseil.fr\/wp-content\/uploads\/2025\/11\/PXL2433-1363x2048.jpg 1363w, https:\/\/canis-conseil.fr\/wp-content\/uploads\/2025\/11\/PXL2433-scaled.jpg 1703w\" sizes=\"auto, (max-width: 681px) 100vw, 681px\" \/><\/figure><\/div>\n<\/div>\n\n\n\n<div class=\"wp-block-media-text is-stacked-on-mobile\" style=\"margin-right:var(--wp--preset--spacing--80);margin-left:var(--wp--preset--spacing--80);padding-right:0;padding-left:0;grid-template-columns:31% auto\"><figure class=\"wp-block-media-text__media\"><a href=\"https:\/\/www.20minutes.fr\/economie\/4120236-20241109-boeing-comment-extreme-droite-accuse-wokisme-mettre-difficulte-entreprises\" target=\"_blank\" rel=\"https:\/\/img.20mn.fr\/ecym_wOpQm-mzMt9aWPxkik\/1444x920_file-a-boeing-737-max-jet-prepares-to-land-at-boeing-field-following-a-test-flight-in-seattle-sept-30-2020-two-u-s-senators-have-asked-the-department-of-justice-to-take-tougher-action-against-boeing-executives-by-holding-them-criminally-accountable-for-safety-issues-that-have-impacted-its-airplanes-thursday-oct-3-2024-ap-photo-elaine-thompson-file-nymv204-24278031753506-file-photo-2410040258 noreferrer noopener\"><img loading=\"lazy\" decoding=\"async\" width=\"450\" height=\"450\" src=\"http:\/\/canis-conseil.fr\/wp-content\/uploads\/2024\/11\/Diversite.jpg\" alt=\"\" class=\"wp-image-1016 size-full\" srcset=\"https:\/\/canis-conseil.fr\/wp-content\/uploads\/2024\/11\/Diversite.jpg 450w, https:\/\/canis-conseil.fr\/wp-content\/uploads\/2024\/11\/Diversite-300x300.jpg 300w, https:\/\/canis-conseil.fr\/wp-content\/uploads\/2024\/11\/Diversite-150x150.jpg 150w\" sizes=\"auto, (max-width: 450px) 100vw, 450px\" \/><\/a><\/figure><div class=\"wp-block-media-text__content\">\n<p class=\"has-medium-font-size\"><strong>20 Minutes, 9 novembre 2024<\/strong><\/p>\n\n\n\n<p class=\"has-medium-font-size\">Boeing&nbsp;: Comment l\u2019extr\u00eame droite accuse le \u00ab&nbsp;wokisme&nbsp;\u00bb de mettre en difficult\u00e9 les entreprises<br><a href=\"https:\/\/www.linkedin.com\/in\/catherinedelahaye\/\"><\/a><\/p>\n\n\n\n<p><a href=\"https:\/\/www.20minutes.fr\/economie\/4120236-20241109-boeing-comment-extreme-droite-accuse-wokisme-mettre-difficulte-entreprises\" target=\"_blank\" rel=\"noreferrer noopener\">lire<\/a><\/p>\n<\/div><\/div>\n\n\n\n<div class=\"wp-block-media-text has-media-on-the-right is-stacked-on-mobile\" style=\"margin-right:var(--wp--preset--spacing--80);margin-left:var(--wp--preset--spacing--80);padding-right:0;padding-left:0;grid-template-columns:auto 31%\"><div class=\"wp-block-media-text__content\">\n<p class=\"has-medium-font-size\"><strong>LinkedIn, 1er ao\u00fbt 2024<\/strong><\/p>\n\n\n\n<p class=\"has-medium-font-size\">Race et ethnicit\u00e9 aux Etats-Unis<a href=\"https:\/\/www.linkedin.com\/in\/catherinedelahaye\/\"><\/a><\/p>\n\n\n\n<p><a href=\"https:\/\/www.linkedin.com\/pulse\/race-et-ethnicit%C3%A9-aux-etats-unis-catherine-delahaye-xu9ne\/\" target=\"_blank\" rel=\"noreferrer noopener\">lire<\/a><\/p>\n<\/div><figure class=\"wp-block-media-text__media\"><a href=\"https:\/\/www.linkedin.com\/pulse\/race-et-ethnicit%C3%A9-aux-etats-unis-catherine-delahaye-xu9ne\/\" target=\"_blank\" rel=\"noreferrer noopener\"><img loading=\"lazy\" decoding=\"async\" width=\"1024\" height=\"577\" src=\"https:\/\/canis-conseil.fr\/wp-content\/uploads\/2024\/08\/Race-et-ethnicite-aux-EtatsUnis-20240801-1024x577.png\" alt=\"\" class=\"wp-image-942 size-full\" srcset=\"https:\/\/canis-conseil.fr\/wp-content\/uploads\/2024\/08\/Race-et-ethnicite-aux-EtatsUnis-20240801-1024x577.png 1024w, https:\/\/canis-conseil.fr\/wp-content\/uploads\/2024\/08\/Race-et-ethnicite-aux-EtatsUnis-20240801-300x169.png 300w, https:\/\/canis-conseil.fr\/wp-content\/uploads\/2024\/08\/Race-et-ethnicite-aux-EtatsUnis-20240801-768x433.png 768w, https:\/\/canis-conseil.fr\/wp-content\/uploads\/2024\/08\/Race-et-ethnicite-aux-EtatsUnis-20240801.png 1278w\" sizes=\"auto, (max-width: 1024px) 100vw, 1024px\" \/><\/a><\/figure><\/div>\n\n\n\n<div class=\"wp-block-media-text is-stacked-on-mobile\" style=\"margin-right:var(--wp--preset--spacing--80);margin-left:var(--wp--preset--spacing--80);padding-right:0;padding-left:0;grid-template-columns:31% auto\"><figure class=\"wp-block-media-text__media\"><a href=\"https:\/\/www.editions-harmattan.fr\/catalogue\/livre\/gouvernance-et-nouvelle-donne-rh\/73929\" target=\"_blank\" rel=\"noreferrer noopener\"><img loading=\"lazy\" decoding=\"async\" width=\"1024\" height=\"790\" src=\"https:\/\/canis-conseil.fr\/wp-content\/uploads\/2024\/04\/Couverture-GouvernanceEtNouvelleDonneRH-@LHarmatan_20240411-1024x790.jpg\" alt=\"\" class=\"wp-image-853 size-full\" srcset=\"https:\/\/canis-conseil.fr\/wp-content\/uploads\/2024\/04\/Couverture-GouvernanceEtNouvelleDonneRH-@LHarmatan_20240411-1024x790.jpg 1024w, https:\/\/canis-conseil.fr\/wp-content\/uploads\/2024\/04\/Couverture-GouvernanceEtNouvelleDonneRH-@LHarmatan_20240411-300x231.jpg 300w, https:\/\/canis-conseil.fr\/wp-content\/uploads\/2024\/04\/Couverture-GouvernanceEtNouvelleDonneRH-@LHarmatan_20240411-768x593.jpg 768w, https:\/\/canis-conseil.fr\/wp-content\/uploads\/2024\/04\/Couverture-GouvernanceEtNouvelleDonneRH-@LHarmatan_20240411-1536x1185.jpg 1536w, https:\/\/canis-conseil.fr\/wp-content\/uploads\/2024\/04\/Couverture-GouvernanceEtNouvelleDonneRH-@LHarmatan_20240411-2048x1580.jpg 2048w\" sizes=\"auto, (max-width: 1024px) 100vw, 1024px\" \/><\/a><\/figure><div class=\"wp-block-media-text__content\">\n<p class=\"has-medium-font-size\"><strong>Collection Gouvernance et entreprise, Editions L&#8217;Harmattan, avril 2024<\/strong><\/p>\n\n\n\n<p class=\"has-medium-font-size\">Gouvernance et nouvelle donne RH<\/p>\n\n\n\n<p><a href=\"https:\/\/books.google.fr\/books?id=lj38EAAAQBAJ&amp;pg=PA139&amp;hl=fr&amp;source=gbs_selected_pages&amp;cad=1#v=onepage&amp;q&amp;f=false\" target=\"_blank\" rel=\"noreferrer noopener\">lire<\/a><\/p>\n<\/div><\/div>\n\n\n\n<div class=\"wp-block-media-text has-media-on-the-right is-stacked-on-mobile\" style=\"margin-right:var(--wp--preset--spacing--80);margin-left:var(--wp--preset--spacing--80);padding-right:0;padding-left:0;grid-template-columns:auto 31%\"><div class=\"wp-block-media-text__content\">\n<p class=\"has-medium-font-size\"><strong><strong>20 Minutes, 17 juin 2023<\/strong><\/strong><\/p>\n\n\n\n<p class=\"has-medium-font-size\">VivaTech : Pourquoi Emmanuel Macron drague-t-il autant Elon Musk ?<\/p>\n\n\n\n<p><a href=\"https:\/\/www.20minutes.fr\/paris\/4041574-20230617-vivatech-pourquoi-emmanuel-macron-drague-autant-elon-musk\" data-type=\"link\" data-id=\"https:\/\/geopoweb.fr\/?LA-GUERRE-DES-PUISSANTS\" target=\"_blank\" rel=\"noreferrer noopener\">lire<\/a><\/p>\n<\/div><figure class=\"wp-block-media-text__media\"><a href=\"https:\/\/www.20minutes.fr\/paris\/4041574-20230617-vivatech-pourquoi-emmanuel-macron-drague-autant-elon-musk\" target=\"_blank\" rel=\"noreferrer noopener\"><img loading=\"lazy\" decoding=\"async\" width=\"1024\" height=\"683\" src=\"http:\/\/canis-conseil.fr\/wp-content\/uploads\/2025\/10\/pexels-photo-30917956-30917956-1024x683.jpg\" alt=\"Close-up of wooden letter tiles on a table spelling 'News Musk', concept of media coverage.\" class=\"wp-image-1283 size-full\" srcset=\"https:\/\/canis-conseil.fr\/wp-content\/uploads\/2025\/10\/pexels-photo-30917956-30917956-1024x683.jpg 1024w, https:\/\/canis-conseil.fr\/wp-content\/uploads\/2025\/10\/pexels-photo-30917956-30917956-300x200.jpg 300w, https:\/\/canis-conseil.fr\/wp-content\/uploads\/2025\/10\/pexels-photo-30917956-30917956-768x512.jpg 768w, https:\/\/canis-conseil.fr\/wp-content\/uploads\/2025\/10\/pexels-photo-30917956-30917956-1536x1024.jpg 1536w, https:\/\/canis-conseil.fr\/wp-content\/uploads\/2025\/10\/pexels-photo-30917956-30917956-2048x1365.jpg 2048w\" sizes=\"auto, (max-width: 1024px) 100vw, 1024px\" \/><\/a><\/figure><\/div>\n\n\n\n<div class=\"wp-block-media-text is-stacked-on-mobile\" style=\"margin-right:var(--wp--preset--spacing--80);margin-left:var(--wp--preset--spacing--80);padding-right:0;padding-left:0;grid-template-columns:30% auto\"><figure class=\"wp-block-media-text__media\"><a href=\"https:\/\/geopoweb.fr\/?LA-GUERRE-DES-PUISSANTS\" target=\"_blank\" rel=\"noreferrer noopener\"><img loading=\"lazy\" decoding=\"async\" width=\"261\" height=\"212\" src=\"http:\/\/canis-conseil.fr\/wp-content\/uploads\/2023\/09\/geopoweb.jpg\" alt=\"\" class=\"wp-image-176 size-full\"\/><\/a><\/figure><div class=\"wp-block-media-text__content\">\n<p class=\"has-medium-font-size\"><strong>Geopoweb, 10 mai 2022<\/strong><\/p>\n\n\n\n<p class=\"has-medium-font-size\">&#8220;Ce que sugg\u00e8re \u00ab LA GUERRE DES PUISSANTS \u00bb, c\u2019est le retour en force de la question (g\u00e9o) politique (Ta\u00efwan, Arctique\u2026), celle de la nature humaine (avec le mot guerre) et bien s\u00fbr les limites du tout lib\u00e9ral avec la question des valeurs (d\u00e9mocratiques\/autocratiques). Un article \u00e9crit par C. Delahaye et un essai \u00e0 quatre mains. A ne pas manquer !&#8221;<\/p>\n\n\n\n<p><a href=\"https:\/\/geopoweb.fr\/?LA-GUERRE-DES-PUISSANTS\" data-type=\"link\" data-id=\"https:\/\/geopoweb.fr\/?LA-GUERRE-DES-PUISSANTS\" target=\"_blank\" rel=\"noreferrer noopener\">lire<\/a><\/p>\n<\/div><\/div>\n\n\n\n<div class=\"wp-block-media-text has-media-on-the-right is-stacked-on-mobile\" style=\"margin-right:var(--wp--preset--spacing--80);margin-left:var(--wp--preset--spacing--80);padding-right:0;padding-left:0;grid-template-columns:auto 30%\"><div class=\"wp-block-media-text__content\">\n<p class=\"has-medium-font-size\"><strong>Asia Power Watch, mars 2022<\/strong><\/p>\n\n\n\n<p class=\"has-medium-font-size\">The War of the Powerful: Chinese and American ploys for world leadership<\/p>\n\n\n\n<p><a href=\"https:\/\/asiapowerwatch.com\/the-war-of-the-powerful-chinese-and-american-ploys-for-world-leadership\/\" data-type=\"link\" data-id=\"https:\/\/asiapowerwatch.com\/the-war-of-the-powerful-chinese-and-american-ploys-for-world-leadership\/\" target=\"_blank\" rel=\"noreferrer noopener\">lire<\/a><\/p>\n<\/div><figure class=\"wp-block-media-text__media\"><a href=\"https:\/\/asiapowerwatch.com\/the-war-of-the-powerful-chinese-and-american-ploys-for-world-leadership\/\" target=\"_blank\" rel=\"noreferrer noopener\"><img loading=\"lazy\" decoding=\"async\" width=\"290\" height=\"139\" src=\"http:\/\/canis-conseil.fr\/wp-content\/uploads\/2023\/09\/512d6f9cb218f90cb72c7847c4e94d9e.png\" alt=\"\" class=\"wp-image-205 size-full\"\/><\/a><\/figure><\/div>\n\n\n\n<div class=\"wp-block-media-text is-stacked-on-mobile\" style=\"margin-right:var(--wp--preset--spacing--80);margin-left:var(--wp--preset--spacing--80);padding-right:0;padding-left:0;grid-template-columns:30% auto\"><figure class=\"wp-block-media-text__media\"><a href=\"https:\/\/www.va-editions.fr\/la-guerre-des-puissants-c2x36713947\" target=\"_blank\" rel=\"noreferrer noopener\"><img loading=\"lazy\" decoding=\"async\" width=\"1024\" height=\"699\" src=\"http:\/\/canis-conseil.fr\/wp-content\/uploads\/2023\/09\/acd5cb646db39e1908ab4a6b860766ec-1024x699.png\" alt=\"\" class=\"wp-image-215 size-full\" srcset=\"https:\/\/canis-conseil.fr\/wp-content\/uploads\/2023\/09\/acd5cb646db39e1908ab4a6b860766ec-1024x699.png 1024w, https:\/\/canis-conseil.fr\/wp-content\/uploads\/2023\/09\/acd5cb646db39e1908ab4a6b860766ec-300x205.png 300w, https:\/\/canis-conseil.fr\/wp-content\/uploads\/2023\/09\/acd5cb646db39e1908ab4a6b860766ec-768x524.png 768w, https:\/\/canis-conseil.fr\/wp-content\/uploads\/2023\/09\/acd5cb646db39e1908ab4a6b860766ec.png 1272w\" sizes=\"auto, (max-width: 1024px) 100vw, 1024px\" \/><\/a><\/figure><div class=\"wp-block-media-text__content\">\n<p class=\"has-medium-font-size\"><strong>Collection Guerre de l&#8217;Information,&nbsp;VA \u00e9ditions, 2022<\/strong><\/p>\n\n\n\n<p class=\"has-medium-font-size\">La guerre des puissants &#8211; Stratag\u00e8mes de domination de la Chine et des Etats-Unis<\/p>\n\n\n\n<p><a href=\"https:\/\/www.va-editions.fr\/la-guerre-des-puissants-c2x36713947\" data-type=\"link\" data-id=\"https:\/\/www.va-editions.fr\/la-guerre-des-puissants-c2x36713947\" target=\"_blank\" rel=\"noreferrer noopener\">lire<\/a><\/p>\n<\/div><\/div>\n\n\n\n<div class=\"wp-block-media-text has-media-on-the-right is-stacked-on-mobile\" style=\"margin-right:var(--wp--preset--spacing--80);margin-left:var(--wp--preset--spacing--80);padding-right:0;padding-left:0;grid-template-columns:auto 30%\"><div class=\"wp-block-media-text__content\">\n<p class=\"has-medium-font-size\"><strong>Ecole de Pens\u00e9e sur la Guerre Economique, 26 avril 2021<\/strong><\/p>\n\n\n\n<p class=\"has-medium-font-size\">La guerre des accents, signe r\u00e9current de r\u00e9volution politique et soci\u00e9tale<\/p>\n\n\n\n<p><a href=\"https:\/\/www.epge.fr\/wp-content\/uploads\/2021\/04\/GuerredesAccents-1.pdf\" data-type=\"link\" data-id=\"https:\/\/www.epge.fr\/la-guerre-des-accents-signe-recurrent-de-revolution-politique-et-societale\/\" target=\"_blank\" rel=\"noreferrer noopener\">lire<\/a><\/p>\n<\/div><figure class=\"wp-block-media-text__media\"><a href=\"https:\/\/www.epge.fr\/la-guerre-des-accents-signe-recurrent-de-revolution-politique-et-societale\/\" target=\"_blank\" rel=\"noreferrer noopener\"><img loading=\"lazy\" decoding=\"async\" width=\"600\" height=\"401\" src=\"http:\/\/canis-conseil.fr\/wp-content\/uploads\/2023\/09\/2ad1fa877f90e234f8a88f1231aab0f6.jpg\" alt=\"\" class=\"wp-image-186 size-full\" srcset=\"https:\/\/canis-conseil.fr\/wp-content\/uploads\/2023\/09\/2ad1fa877f90e234f8a88f1231aab0f6.jpg 600w, https:\/\/canis-conseil.fr\/wp-content\/uploads\/2023\/09\/2ad1fa877f90e234f8a88f1231aab0f6-300x201.jpg 300w\" sizes=\"auto, (max-width: 600px) 100vw, 600px\" \/><\/a><\/figure><\/div>\n\n\n\n<div class=\"wp-block-media-text is-stacked-on-mobile\" style=\"margin-right:var(--wp--preset--spacing--80);margin-left:var(--wp--preset--spacing--80);padding-right:0;padding-left:0;grid-template-columns:30% auto\"><figure class=\"wp-block-media-text__media\"><a href=\"https:\/\/www.ege.fr\/infoguerre\/la-6g-bataille-technologique-sino-americaine-decisive-pour-la-suprematie-mondiale\" target=\"_blank\" rel=\"noreferrer noopener\"><img loading=\"lazy\" decoding=\"async\" width=\"1024\" height=\"576\" src=\"http:\/\/canis-conseil.fr\/wp-content\/uploads\/2023\/09\/7e4e782f9f004e390c53c8576a650d6f-1024x576.jpg\" alt=\"\" class=\"wp-image-192 size-full\" srcset=\"https:\/\/canis-conseil.fr\/wp-content\/uploads\/2023\/09\/7e4e782f9f004e390c53c8576a650d6f-1024x576.jpg 1024w, https:\/\/canis-conseil.fr\/wp-content\/uploads\/2023\/09\/7e4e782f9f004e390c53c8576a650d6f-300x169.jpg 300w, https:\/\/canis-conseil.fr\/wp-content\/uploads\/2023\/09\/7e4e782f9f004e390c53c8576a650d6f-768x432.jpg 768w, https:\/\/canis-conseil.fr\/wp-content\/uploads\/2023\/09\/7e4e782f9f004e390c53c8576a650d6f.jpg 1067w\" sizes=\"auto, (max-width: 1024px) 100vw, 1024px\" \/><\/a><\/figure><div class=\"wp-block-media-text__content\">\n<p class=\"has-medium-font-size\"><strong>Infoguerre, mars 2021<\/strong><\/p>\n\n\n\n<p class=\"has-medium-font-size\">La 6G, bataille technologique sino-am\u00e9ricaine d\u00e9cisive pour la supr\u00e9matie mondiale<\/p>\n\n\n\n<p><a href=\"https:\/\/www.ege.fr\/infoguerre\/la-6g-bataille-technologique-sino-americaine-decisive-pour-la-suprematie-mondiale\" data-type=\"link\" data-id=\"https:\/\/gcp-pro.ege.fr\/infoguerre\/la-6g-bataille-technologique-sino-americaine-decisive-pour-la-suprematie-mondiale\" target=\"_blank\" rel=\"noreferrer noopener\">lire<\/a><\/p>\n<\/div><\/div>\n\n\n\n<div class=\"wp-block-media-text has-media-on-the-right is-stacked-on-mobile\" style=\"margin-right:var(--wp--preset--spacing--80);margin-left:var(--wp--preset--spacing--80);padding-right:0;padding-left:0;grid-template-columns:auto 30%\"><div class=\"wp-block-media-text__content\">\n<p class=\"has-medium-font-size\"><strong>Ecole de Pens\u00e9e Economique, d\u00e9cembre 2020<\/strong><\/p>\n\n\n\n<p class=\"has-medium-font-size\">Affrontements cognitifs aux Etats-Unis au cours de la Seconde Guerre Mondiale<\/p>\n\n\n\n<p><a href=\"https:\/\/www.epge.fr\/wp-content\/uploads\/2020\/12\/AffrontementscognitifsauxEtats-Unis1941-1945.pdf\" data-type=\"link\" data-id=\"https:\/\/www.epge.fr\/affrontements-cognitifs-aux-etats-unis-au-cours-de-la-seconde-guerre-mondiale\/\" target=\"_blank\" rel=\"noreferrer noopener\">lire<\/a><\/p>\n<\/div><figure class=\"wp-block-media-text__media\"><a href=\"https:\/\/www.epge.fr\/affrontements-cognitifs-aux-etats-unis-au-cours-de-la-seconde-guerre-mondiale\/\" target=\"_blank\" rel=\"noreferrer noopener\"><img loading=\"lazy\" decoding=\"async\" width=\"800\" height=\"600\" src=\"http:\/\/canis-conseil.fr\/wp-content\/uploads\/2023\/09\/33edad290f7a04f196896a8aba5b3845.jpg\" alt=\"\" class=\"wp-image-196 size-full\" srcset=\"https:\/\/canis-conseil.fr\/wp-content\/uploads\/2023\/09\/33edad290f7a04f196896a8aba5b3845.jpg 800w, https:\/\/canis-conseil.fr\/wp-content\/uploads\/2023\/09\/33edad290f7a04f196896a8aba5b3845-300x225.jpg 300w, https:\/\/canis-conseil.fr\/wp-content\/uploads\/2023\/09\/33edad290f7a04f196896a8aba5b3845-768x576.jpg 768w\" sizes=\"auto, (max-width: 800px) 100vw, 800px\" \/><\/a><\/figure><\/div>\n\n\n\n<div class=\"wp-block-media-text is-stacked-on-mobile\" style=\"margin-right:var(--wp--preset--spacing--80);margin-left:var(--wp--preset--spacing--80);padding-right:0;padding-left:0;grid-template-columns:30% auto\"><figure class=\"wp-block-media-text__media\"><a href=\"https:\/\/www.linkedin.com\/pulse\/lann%C3%A9e-2020-entre-acc%C3%A9l%C3%A9ration-num%C3%A9rique-et-ascenseur-delahaye\/\" target=\"_blank\" rel=\"noreferrer noopener\"><img loading=\"lazy\" decoding=\"async\" width=\"1024\" height=\"537\" src=\"http:\/\/canis-conseil.fr\/wp-content\/uploads\/2023\/09\/a573b2019e52096f85d4f4bd73ff0677-1024x537.jpg\" alt=\"\" class=\"wp-image-214 size-full\" srcset=\"https:\/\/canis-conseil.fr\/wp-content\/uploads\/2023\/09\/a573b2019e52096f85d4f4bd73ff0677-1024x537.jpg 1024w, https:\/\/canis-conseil.fr\/wp-content\/uploads\/2023\/09\/a573b2019e52096f85d4f4bd73ff0677-300x157.jpg 300w, https:\/\/canis-conseil.fr\/wp-content\/uploads\/2023\/09\/a573b2019e52096f85d4f4bd73ff0677-768x403.jpg 768w, https:\/\/canis-conseil.fr\/wp-content\/uploads\/2023\/09\/a573b2019e52096f85d4f4bd73ff0677.jpg 1144w\" sizes=\"auto, (max-width: 1024px) 100vw, 1024px\" \/><\/a><\/figure><div class=\"wp-block-media-text__content\">\n<p class=\"has-medium-font-size\"><strong>LinkedIn, d\u00e9cembre 2020<\/strong><\/p>\n\n\n\n<p class=\"has-medium-font-size\">L\u2019ann\u00e9e 2020, entre acc\u00e9l\u00e9ration num\u00e9rique et ascenseur \u00e9motionnel, est-elle un tournant majeur dans notre civilisation ?<\/p>\n\n\n\n<p><a href=\"https:\/\/www.linkedin.com\/pulse\/lann%C3%A9e-2020-entre-acc%C3%A9l%C3%A9ration-num%C3%A9rique-et-ascenseur-delahaye\/\" data-type=\"link\" data-id=\"https:\/\/www.linkedin.com\/pulse\/lann%C3%A9e-2020-entre-acc%C3%A9l%C3%A9ration-num%C3%A9rique-et-ascenseur-delahaye\/\" target=\"_blank\" rel=\"noreferrer noopener\">lire<\/a><\/p>\n<\/div><\/div>\n","protected":false},"excerpt":{"rendered":"<p>Cette rubrique contient quelques publications, ouvrages et articles r\u00e9dig\u00e9s par Catherine Delahaye, ainsi qu&#8217;une s\u00e9lection de citations dans la presse \u00e9crite. Catherine intervient aussi dans les m\u00e9dias audiovisuels en tant qu&#8217;expert en intelligence \u00e9conomique, pour d\u00e9crypter et \u00e9clairer sur les faits d&#8217;actualit\u00e9 en lien avec le monde des affaires. 20 Minutes, 9 novembre 2024 Boeing&nbsp;: &hellip;<\/p>\n<p class=\"read-more\"> <a class=\"\" href=\"https:\/\/canis-conseil.fr\/index.php\/publications\/\"> <span class=\"screen-reader-text\">Publications<\/span> Read More &raquo;<\/a><\/p>\n","protected":false},"author":1,"featured_media":0,"parent":0,"menu_order":0,"comment_status":"closed","ping_status":"closed","template":"","meta":{"_uag_custom_page_level_css":"","site-sidebar-layout":"default","site-content-layout":"","ast-site-content-layout":"","site-content-style":"default","site-sidebar-style":"default","ast-global-header-display":"","ast-banner-title-visibility":"","ast-main-header-display":"","ast-hfb-above-header-display":"","ast-hfb-below-header-display":"","ast-hfb-mobile-header-display":"","site-post-title":"disabled","ast-breadcrumbs-content":"","ast-featured-img":"","footer-sml-layout":"","theme-transparent-header-meta":"","adv-header-id-meta":"","stick-header-meta":"","header-above-stick-meta":"","header-main-stick-meta":"","header-below-stick-meta":"","astra-migrate-meta-layouts":"","footnotes":""},"class_list":["post-53","page","type-page","status-publish","hentry"],"uagb_featured_image_src":{"full":false,"thumbnail":false,"medium":false,"medium_large":false,"large":false,"1536x1536":false,"2048x2048":false},"uagb_author_info":{"display_name":"Catherine Delahaye","author_link":"https:\/\/canis-conseil.fr\/index.php\/author\/admin5132\/"},"uagb_comment_info":0,"uagb_excerpt":"Cette rubrique contient quelques publications, ouvrages et articles r\u00e9dig\u00e9s par Catherine Delahaye, ainsi qu&#8217;une s\u00e9lection de citations dans la presse \u00e9crite. Catherine intervient aussi dans les m\u00e9dias audiovisuels en tant qu&#8217;expert en intelligence \u00e9conomique, pour d\u00e9crypter et \u00e9clairer sur les faits d&#8217;actualit\u00e9 en lien avec le monde des affaires. 20 Minutes, 9 novembre 2024 Boeing&nbsp;:&hellip;","_links":{"self":[{"href":"https:\/\/canis-conseil.fr\/index.php\/wp-json\/wp\/v2\/pages\/53","targetHints":{"allow":["GET"]}}],"collection":[{"href":"https:\/\/canis-conseil.fr\/index.php\/wp-json\/wp\/v2\/pages"}],"about":[{"href":"https:\/\/canis-conseil.fr\/index.php\/wp-json\/wp\/v2\/types\/page"}],"author":[{"embeddable":true,"href":"https:\/\/canis-conseil.fr\/index.php\/wp-json\/wp\/v2\/users\/1"}],"replies":[{"embeddable":true,"href":"https:\/\/canis-conseil.fr\/index.php\/wp-json\/wp\/v2\/comments?post=53"}],"version-history":[{"count":39,"href":"https:\/\/canis-conseil.fr\/index.php\/wp-json\/wp\/v2\/pages\/53\/revisions"}],"predecessor-version":[{"id":1663,"href":"https:\/\/canis-conseil.fr\/index.php\/wp-json\/wp\/v2\/pages\/53\/revisions\/1663"}],"wp:attachment":[{"href":"https:\/\/canis-conseil.fr\/index.php\/wp-json\/wp\/v2\/media?parent=53"}],"curies":[{"name":"wp","href":"https:\/\/api.w.org\/{rel}","templated":true}]}}